{"id":2354,"date":"2024-04-04T23:13:22","date_gmt":"2024-04-04T23:13:22","guid":{"rendered":"https:\/\/epices-smaoui.com\/?post_type=product&#038;p=2354"},"modified":"2024-04-04T23:17:02","modified_gmt":"2024-04-04T23:17:02","slug":"variante-selection","status":"publish","type":"product","link":"https:\/\/epices-smaoui.com\/index.php\/product\/variante-selection\/","title":{"rendered":"Variante selection<span class=\"codevz-product-category-after-title\">Salaisons<\/span>"},"content":{"rendered":"<p><strong>Dosage :<\/strong> A volont\u00e9, selon votre pr\u00e9paration<br \/>\n<strong>Ingr\u00e9dients :<\/strong> l\u00e9gumes, sel, eau, vinaigre<\/p>\n<table>\n<tbody>\n<tr>\n<td>Article<\/td>\n<td>Poids par paquet<\/td>\n<td>Paquet\/ fardeau\/ carton<\/td>\n<td>Code \u00e0 barre<\/td>\n<\/tr>\n<tr>\n<td rowspan=\"3\">Variante <\/td>\n<td>3 kg seaux <\/td>\n<td><\/td>\n<td><\/td>\n<\/tr>\n<tr>\n<td>250 g<\/td>\n<td>Carton de 6 sachets  <\/td>\n<td><\/td>\n<\/tr>\n<tr>\n<td>150 g <\/td>\n<td>Carton de 15 sachets  <\/td>\n<td><\/td>\n<\/tr>\n<\/tbody>\n<\/table>\n<ul>\n<li><span style=\"color: #339966;\"><strong>Id\u00e9e de cuisine <\/strong><\/span><\/li>\n<\/ul>\n<div style=\"text-align: justify;\">Variante selection Smaoui particuli\u00e8rement savoureuses dans les salades et les plats \u00e0 base de volaille et viande. Nous vous proposons des recettes, afin d&rsquo;utiliser au mieux cette salaison.<\/div>\n<ul>\n<li><span style=\"color: #339966;\"><strong>Secret de conservation\u00a0<\/strong><\/span><\/li>\n<\/ul>\n<div style=\"text-align: justify;\">\n<p>Conservez les variantes selection Smaoui au r\u00e9frig\u00e9rateur dans un bocal ou dans un r\u00e9cipient herm\u00e9tique apr\u00e8s ouverture pendant environ 1 an.\n<\/p><\/div>\n","protected":false},"excerpt":{"rendered":"<div style=\"text-align: justify;\">\nVariante Smaoui est une s\u00e9lection des l\u00e9gumes, olive slice &#8230; <\/p>\n","protected":false},"featured_media":2355,"template":"","meta":[],"product_cat":[156],"product_tag":[],"class_list":{"0":"post-2354","1":"product","2":"type-product","3":"status-publish","4":"has-post-thumbnail","6":"product_cat-salaisons","8":"first","9":"instock","10":"shipping-taxable","11":"product-type-simple"},"_links":{"self":[{"href":"https:\/\/epices-smaoui.com\/index.php\/wp-json\/wp\/v2\/product\/2354","targetHints":{"allow":["GET"]}}],"collection":[{"href":"https:\/\/epices-smaoui.com\/index.php\/wp-json\/wp\/v2\/product"}],"about":[{"href":"https:\/\/epices-smaoui.com\/index.php\/wp-json\/wp\/v2\/types\/product"}],"wp:featuredmedia":[{"embeddable":true,"href":"https:\/\/epices-smaoui.com\/index.php\/wp-json\/wp\/v2\/media\/2355"}],"wp:attachment":[{"href":"https:\/\/epices-smaoui.com\/index.php\/wp-json\/wp\/v2\/media?parent=2354"}],"wp:term":[{"taxonomy":"product_cat","embeddable":true,"href":"https:\/\/epices-smaoui.com\/index.php\/wp-json\/wp\/v2\/product_cat?post=2354"},{"taxonomy":"product_tag","embeddable":true,"href":"https:\/\/epices-smaoui.com\/index.php\/wp-json\/wp\/v2\/product_tag?post=2354"}],"curies":[{"name":"wp","href":"https:\/\/api.w.org\/{rel}","templated":true}]}}