{"id":2349,"date":"2024-04-04T23:03:58","date_gmt":"2024-04-04T23:03:58","guid":{"rendered":"https:\/\/epices-smaoui.com\/?post_type=product&#038;p=2349"},"modified":"2024-04-04T23:17:19","modified_gmt":"2024-04-04T23:17:19","slug":"variante","status":"publish","type":"product","link":"https:\/\/epices-smaoui.com\/index.php\/product\/variante\/","title":{"rendered":"Variante<span class=\"codevz-product-category-after-title\">Salaisons<\/span>"},"content":{"rendered":"<p><strong>Dosage :<\/strong> A volont\u00e9, selon votre pr\u00e9paration<br \/>\n<strong>Ingr\u00e9dients :<\/strong> l\u00e9gumes, sel, eau, vinaigre<\/p>\n<table>\n<tbody>\n<tr>\n<td>Article<\/td>\n<td>Poids par paquet<\/td>\n<td>Paquet\/ fardeau\/ carton<\/td>\n<td>Code \u00e0 barre<\/td>\n<\/tr>\n<tr>\n<td rowspan=\"4\">Variante <\/td>\n<td>Vrac <\/td>\n<td><\/td>\n<td><\/td>\n<\/tr>\n<tr>\n<td>400 g<\/td>\n<td>6 sachets <\/td>\n<td><\/td>\n<\/tr>\n<tr>\n<td>250 g<\/td>\n<td>6 sachets <\/td>\n<td>___<\/td>\n<\/tr>\n<tr>\n<td>100 g<\/td>\n<td>20 sachets <\/td>\n<td>6194046901613<\/td>\n<\/tr>\n<\/tbody>\n<\/table>\n<ul>\n<li><span style=\"color: #339966;\"><strong>Id\u00e9e de cuisine <\/strong><\/span><\/li>\n<\/ul>\n<div style=\"text-align: justify;\">Variante Smaoui particuli\u00e8rement savoureuses dans les salades et les plats \u00e0 base de volaille et viande. Nous vous proposons des recettes, afin d&rsquo;utiliser au mieux cette salaison.<\/div>\n<ul>\n<li><span style=\"color: #339966;\"><strong>Secret de conservation\u00a0<\/strong><\/span><\/li>\n<\/ul>\n<div style=\"text-align: justify;\">\n<p>Conservez les variantes Smaoui au r\u00e9frig\u00e9rateur dans un bocal ou dans un r\u00e9cipient herm\u00e9tique apr\u00e8s ouverture pendant environ 1 an.\n<\/p><\/div>\n","protected":false},"excerpt":{"rendered":"<div style=\"text-align: justify;\">\nVariante Smaoui est une s\u00e9lection des l\u00e9gumes, sel et &#8230; <\/p>\n","protected":false},"featured_media":2351,"template":"","meta":[],"product_cat":[156],"product_tag":[],"class_list":{"0":"post-2349","1":"product","2":"type-product","3":"status-publish","4":"has-post-thumbnail","6":"product_cat-salaisons","8":"first","9":"instock","10":"shipping-taxable","11":"product-type-simple"},"_links":{"self":[{"href":"https:\/\/epices-smaoui.com\/index.php\/wp-json\/wp\/v2\/product\/2349","targetHints":{"allow":["GET"]}}],"collection":[{"href":"https:\/\/epices-smaoui.com\/index.php\/wp-json\/wp\/v2\/product"}],"about":[{"href":"https:\/\/epices-smaoui.com\/index.php\/wp-json\/wp\/v2\/types\/product"}],"wp:featuredmedia":[{"embeddable":true,"href":"https:\/\/epices-smaoui.com\/index.php\/wp-json\/wp\/v2\/media\/2351"}],"wp:attachment":[{"href":"https:\/\/epices-smaoui.com\/index.php\/wp-json\/wp\/v2\/media?parent=2349"}],"wp:term":[{"taxonomy":"product_cat","embeddable":true,"href":"https:\/\/epices-smaoui.com\/index.php\/wp-json\/wp\/v2\/product_cat?post=2349"},{"taxonomy":"product_tag","embeddable":true,"href":"https:\/\/epices-smaoui.com\/index.php\/wp-json\/wp\/v2\/product_tag?post=2349"}],"curies":[{"name":"wp","href":"https:\/\/api.w.org\/{rel}","templated":true}]}}