{"id":2347,"date":"2024-04-04T22:59:10","date_gmt":"2024-04-04T22:59:10","guid":{"rendered":"https:\/\/epices-smaoui.com\/?post_type=product&#038;p=2347"},"modified":"2024-04-04T23:02:43","modified_gmt":"2024-04-04T23:02:43","slug":"ail","status":"publish","type":"product","link":"https:\/\/epices-smaoui.com\/index.php\/product\/ail\/","title":{"rendered":"Ail<span class=\"codevz-product-category-after-title\">Salaisons<\/span>"},"content":{"rendered":"<p><strong>Dosage :<\/strong> A volont\u00e9, selon votre pr\u00e9paration<\/p>\n<table>\n<tbody>\n<tr>\n<td>Article<\/td>\n<td>Poids par paquet<\/td>\n<td>Paquet\/ fardeau\/ carton<\/td>\n<td>Code \u00e0 barre<\/td>\n<\/tr>\n<tr>\n<td rowspan=\"2\">Ail<\/td>\n<td>___<\/td>\n<td><\/td>\n<td><\/td>\n<\/tr>\n<tr>\n<td>200 g<\/td>\n<td>24 pot<\/td>\n<td>6194046901842<\/td>\n<\/tr>\n<\/tbody>\n<\/table>\n<ul>\n<li><span style=\"color: #339966;\"><strong>Id\u00e9e de cuisine <\/strong><\/span><\/li>\n<\/ul>\n<div style=\"text-align: justify;\">Pour pr\u00e9parer l&rsquo;ail, il faut retirer sa peau et couper les gousses en deux afin d&rsquo;en retirer le germe qui est indigeste.<\/div>\n<div style=\"text-align: justify;\">Pour conserver sa saveur, il faut \u00e9viter de le ciseler mais plut\u00f4t utiliser un presse-ail ou l&rsquo;\u00e9craser d&rsquo;un coup sec avec le plat d&rsquo;un couteau.<\/div>\n<div style=\"text-align: justify;\">Ail smaoui g\u00e9n\u00e9ralement int\u00e9gr\u00e9 au poulet, viande, aux p\u00e2tes \u00e0 tartiner sal\u00e9es, au sauce, au beurre aux herbes, au fromage blanc, aux salades, aux soupes\u2026<\/div>\n<ul>\n<li><span style=\"color: #339966;\"><strong>Les atouts sant\u00e9 et nutrition<\/strong><\/span><\/li>\n<\/ul>\n<div>\n<p><strong><u>Informations nutritionnelles pour une portion 100 g<\/u><\/strong><\/p>\n<ul>\n<li>Apport calorique\u00a0: 130\u00a0kcal<\/li>\n<li>Eau\u00a0: 63,50 g<\/li>\n<li>Glucides\u00a0:22 g<\/li>\n<li>Fibres\u00a0: 5,80 g<\/li>\n<li>Vitamine B6\u00a0: 0,94 mg<\/li>\n<li>Potassium\u00a0: 580 mg<\/li>\n<\/ul>\n<\/div>\n<ul>\n<li><span style=\"color: #339966;\"><strong>Secret de conservation\u00a0<\/strong><\/span><\/li>\n<\/ul>\n<div style=\"text-align: justify;\">\n<p>Conservez la p\u00e2te d\u2019ail dans un endroit frais et sec.\n<\/p><\/div>\n","protected":false},"excerpt":{"rendered":"<div style=\"text-align: justify;\">\nL\u2019ail est une plante qui appartient \u00e0 la famille &#8230; <\/p>\n","protected":false},"featured_media":2348,"template":"","meta":[],"product_cat":[156],"product_tag":[],"class_list":{"0":"post-2347","1":"product","2":"type-product","3":"status-publish","4":"has-post-thumbnail","6":"product_cat-salaisons","8":"first","9":"instock","10":"shipping-taxable","11":"product-type-simple"},"_links":{"self":[{"href":"https:\/\/epices-smaoui.com\/index.php\/wp-json\/wp\/v2\/product\/2347","targetHints":{"allow":["GET"]}}],"collection":[{"href":"https:\/\/epices-smaoui.com\/index.php\/wp-json\/wp\/v2\/product"}],"about":[{"href":"https:\/\/epices-smaoui.com\/index.php\/wp-json\/wp\/v2\/types\/product"}],"wp:featuredmedia":[{"embeddable":true,"href":"https:\/\/epices-smaoui.com\/index.php\/wp-json\/wp\/v2\/media\/2348"}],"wp:attachment":[{"href":"https:\/\/epices-smaoui.com\/index.php\/wp-json\/wp\/v2\/media?parent=2347"}],"wp:term":[{"taxonomy":"product_cat","embeddable":true,"href":"https:\/\/epices-smaoui.com\/index.php\/wp-json\/wp\/v2\/product_cat?post=2347"},{"taxonomy":"product_tag","embeddable":true,"href":"https:\/\/epices-smaoui.com\/index.php\/wp-json\/wp\/v2\/product_tag?post=2347"}],"curies":[{"name":"wp","href":"https:\/\/api.w.org\/{rel}","templated":true}]}}