{"id":2345,"date":"2024-04-04T22:54:41","date_gmt":"2024-04-04T22:54:41","guid":{"rendered":"https:\/\/epices-smaoui.com\/?post_type=product&#038;p=2345"},"modified":"2024-04-04T22:57:16","modified_gmt":"2024-04-04T22:57:16","slug":"piment-de-cayenne-rouge","status":"publish","type":"product","link":"https:\/\/epices-smaoui.com\/index.php\/product\/piment-de-cayenne-rouge\/","title":{"rendered":"Piment de Cayenne rouge<span class=\"codevz-product-category-after-title\">Salaisons<\/span>"},"content":{"rendered":"<p><strong>Dosage :<\/strong> A volont\u00e9, selon votre pr\u00e9paration<\/p>\n<table>\n<tbody>\n<tr>\n<td>Article<\/td>\n<td>Poids par paquet<\/td>\n<td>Paquet\/ fardeau\/ carton<\/td>\n<td>Code \u00e0 barre<\/td>\n<\/tr>\n<tr>\n<td rowspan=\"2\">Piment de Cayenne rouge<\/td>\n<td>Seaux de 2 kg<\/td>\n<td><\/td>\n<td>6194046901675<\/td>\n<\/tr>\n<tr>\n<td>50 g<\/td>\n<td>20 sachets<\/td>\n<td>6194046901620<\/td>\n<\/tr>\n<\/tbody>\n<\/table>\n<ul>\n<li><span style=\"color: #339966;\"><strong>Id\u00e9e de cuisine <\/strong><\/span><\/li>\n<\/ul>\n<div style=\"text-align: justify;\">Piment de Cayenne Smaoui particuli\u00e8rement savoureuses dans les pizzas, les salades, riz et les plats \u00e0 base de poisson.<\/div>\n<ul>\n<li><span style=\"color: #339966;\"><strong>Les atouts sant\u00e9 et nutrition<\/strong><\/span><\/li>\n<\/ul>\n<div style=\"text-align: justify;\">Le piment de Cayenne est b\u00e9n\u00e9fique pour vos organes, tels que votre c\u0153ur ou vos intestins.<\/div>\n<div>\n<p><strong><u>Informations nutritionnelles pour une portion 100 g<\/u><\/strong><\/p>\n<ul>\n<li><a href=\"https:\/\/www.lanutrition.fr\/piment-de-cayenne#proteines\">Prot\u00e9ines<\/a>: 12.01 g<\/li>\n<li><a href=\"https:\/\/www.lanutrition.fr\/piment-de-cayenne#lipides\">Lipides<\/a>: 17.27 g<\/li>\n<li><a href=\"https:\/\/www.lanutrition.fr\/piment-de-cayenne#glucides\">Glucides<\/a>: 56.63 g<\/li>\n<li>Cendres\u00a0: 6.04 g<\/li>\n<li><a href=\"https:\/\/www.lanutrition.fr\/piment-de-cayenne#energie-kcal\">Energie (kcal)<\/a>: 318 kcal<\/li>\n<li>Alcool\u00a0: 0 g<\/li>\n<li>Eau\u00a0: 8.05 g<\/li>\n<li>Fibres\u00a0: 27.2 g<\/li>\n<\/ul>\n<\/div>\n<ul>\n<li><span style=\"color: #339966;\"><strong>Secret de conservation\u00a0<\/strong><\/span><\/li>\n<\/ul>\n<div style=\"text-align: justify;\">\n<p>Conservez le piment de Cayenne Smaoui au r\u00e9frig\u00e9rateur dans un bocal ou dans un r\u00e9cipient herm\u00e9tique apr\u00e8s ouverture pendant environ 1 an.\n<\/p><\/div>\n","protected":false},"excerpt":{"rendered":"<div style=\"text-align: justify;\">\nLe piment de Cayenne est aujourd\u2019hui largement cultiv\u00e9 en &#8230; <\/p>\n","protected":false},"featured_media":2346,"template":"","meta":[],"product_cat":[156],"product_tag":[],"class_list":{"0":"post-2345","1":"product","2":"type-product","3":"status-publish","4":"has-post-thumbnail","6":"product_cat-salaisons","8":"first","9":"instock","10":"shipping-taxable","11":"product-type-simple"},"_links":{"self":[{"href":"https:\/\/epices-smaoui.com\/index.php\/wp-json\/wp\/v2\/product\/2345","targetHints":{"allow":["GET"]}}],"collection":[{"href":"https:\/\/epices-smaoui.com\/index.php\/wp-json\/wp\/v2\/product"}],"about":[{"href":"https:\/\/epices-smaoui.com\/index.php\/wp-json\/wp\/v2\/types\/product"}],"wp:featuredmedia":[{"embeddable":true,"href":"https:\/\/epices-smaoui.com\/index.php\/wp-json\/wp\/v2\/media\/2346"}],"wp:attachment":[{"href":"https:\/\/epices-smaoui.com\/index.php\/wp-json\/wp\/v2\/media?parent=2345"}],"wp:term":[{"taxonomy":"product_cat","embeddable":true,"href":"https:\/\/epices-smaoui.com\/index.php\/wp-json\/wp\/v2\/product_cat?post=2345"},{"taxonomy":"product_tag","embeddable":true,"href":"https:\/\/epices-smaoui.com\/index.php\/wp-json\/wp\/v2\/product_tag?post=2345"}],"curies":[{"name":"wp","href":"https:\/\/api.w.org\/{rel}","templated":true}]}}