{"id":2292,"date":"2024-04-04T10:37:28","date_gmt":"2024-04-04T10:37:28","guid":{"rendered":"https:\/\/epices-smaoui.com\/?post_type=product&#038;p=2292"},"modified":"2024-04-04T10:40:00","modified_gmt":"2024-04-04T10:40:00","slug":"cornichon","status":"publish","type":"product","link":"https:\/\/epices-smaoui.com\/index.php\/product\/cornichon\/","title":{"rendered":"Cornichon<span class=\"codevz-product-category-after-title\">Salaisons<\/span>"},"content":{"rendered":"<p><strong>Dosage :<\/strong> A volont\u00e9 selon votre gout<\/p>\n<table>\n<tbody>\n<tr>\n<td>Article<\/td>\n<td>Poids par paquet<\/td>\n<td>Paquet\/ fardeau\/ carton<\/td>\n<td>Code \u00e0 barre<\/td>\n<\/tr>\n<tr>\n<td rowspan=\"2\">Cornichon<\/td>\n<td>Seaux 3 kg<\/td>\n<td><\/td>\n<td><\/td>\n<\/tr>\n<tr>\n<td>100 g<\/td>\n<td>20 sachets<\/td>\n<td>6194046901590<\/td>\n<\/tr>\n<\/tbody>\n<\/table>\n<ul>\n<li><span style=\"color: #339966;\"><strong>Id\u00e9e de cuisine <\/strong><\/span><\/li>\n<\/ul>\n<div style=\"text-align: justify;\">Cornichon Smaoui est le compagnon id\u00e9al des viandes froides, des charcuteries, des sandwichs. Il est l\u2019un des ingr\u00e9dients essentiels du steak tartare. Les poissons fum\u00e9s l\u2019appr\u00e9cient aussi.<\/div>\n<ul>\n<li><span style=\"color: #339966;\"><strong>Les atouts sant\u00e9 et nutrition<\/strong><\/span><\/li>\n<\/ul>\n<div style=\"text-align: justify;\">Le cornichon prodigue ses effets \u00e0 chaque \u00e2ge. Et se r\u00e9v\u00e8le comme un v\u00e9ritable alli\u00e9 de la femme. Ne dit-on pas qu\u2019il constituait l&rsquo;une des d\u00e9lices pr\u00e9f\u00e9r\u00e9s de Cl\u00e9op\u00e2tre. Qui l\u2019utilisait comme cosm\u00e9tique pour avoir la peau douce. De fait, le fruit se r\u00e9v\u00e8le riche en antioxydants. Ces substances chimiques qui luttent contre les radicaux libres. Et dont l\u2019un des effets b\u00e9n\u00e9fiques permet de ralentir le vieillissement cutan\u00e9.<\/div>\n<div>\n<p><strong><u>Informations nutritionnelles pour une portion 100 g<\/u><\/strong><\/p>\n<ul>\n<li>Prot\u00e9ines\u00a0: 1,2 g<\/li>\n<li>Glucides\u00a0: 3 g<\/li>\n<li>Lipides\u00a0: 0,3 g<\/li>\n<li>Eau\u00a0: 94.9 g<\/li>\n<li>Alcool\u00a0: 0 g<\/li>\n<\/ul>\n<\/div>\n<ul>\n<li><span style=\"color: #339966;\"><strong>Secret de conservation\u00a0<\/strong><\/span><\/li>\n<\/ul>\n<div style=\"text-align: justify;\">\n<p>Apr\u00e8s l\u2019ouverture, Conservez les cornichons Smaoui au r\u00e9frig\u00e9rateur dans un bocal pendant environ 1 an. <\/p>\n<\/div>\n","protected":false},"excerpt":{"rendered":"<div style=\"text-align: justify;\">\nLe cornichon Smaoui est un condiment tr\u00e8s utilis\u00e9 en &#8230; <\/p>\n","protected":false},"featured_media":2293,"template":"","meta":[],"product_cat":[156],"product_tag":[],"class_list":{"0":"post-2292","1":"product","2":"type-product","3":"status-publish","4":"has-post-thumbnail","6":"product_cat-salaisons","8":"first","9":"instock","10":"shipping-taxable","11":"product-type-simple"},"_links":{"self":[{"href":"https:\/\/epices-smaoui.com\/index.php\/wp-json\/wp\/v2\/product\/2292","targetHints":{"allow":["GET"]}}],"collection":[{"href":"https:\/\/epices-smaoui.com\/index.php\/wp-json\/wp\/v2\/product"}],"about":[{"href":"https:\/\/epices-smaoui.com\/index.php\/wp-json\/wp\/v2\/types\/product"}],"wp:featuredmedia":[{"embeddable":true,"href":"https:\/\/epices-smaoui.com\/index.php\/wp-json\/wp\/v2\/media\/2293"}],"wp:attachment":[{"href":"https:\/\/epices-smaoui.com\/index.php\/wp-json\/wp\/v2\/media?parent=2292"}],"wp:term":[{"taxonomy":"product_cat","embeddable":true,"href":"https:\/\/epices-smaoui.com\/index.php\/wp-json\/wp\/v2\/product_cat?post=2292"},{"taxonomy":"product_tag","embeddable":true,"href":"https:\/\/epices-smaoui.com\/index.php\/wp-json\/wp\/v2\/product_tag?post=2292"}],"curies":[{"name":"wp","href":"https:\/\/api.w.org\/{rel}","templated":true}]}}