{"id":2289,"date":"2024-04-04T10:32:08","date_gmt":"2024-04-04T10:32:08","guid":{"rendered":"https:\/\/epices-smaoui.com\/?post_type=product&#038;p=2289"},"modified":"2024-04-04T10:35:53","modified_gmt":"2024-04-04T10:35:53","slug":"capres","status":"publish","type":"product","link":"https:\/\/epices-smaoui.com\/index.php\/product\/capres\/","title":{"rendered":"C\u00e2pres<span class=\"codevz-product-category-after-title\">Salaisons<\/span>"},"content":{"rendered":"<p><strong>Dosage :<\/strong> A volont\u00e9 selon votre gout<\/p>\n<table>\n<tbody>\n<tr>\n<td>Article<\/td>\n<td>Poids par paquet<\/td>\n<td>Paquet\/ fardeau\/ carton<\/td>\n<td>Code \u00e0 barre<\/td>\n<\/tr>\n<tr>\n<td rowspan=\"2\">C\u00e2pres<\/td>\n<td>Seaux de 3 kg<\/td>\n<td><\/td>\n<td>6194046901880<\/td>\n<\/tr>\n<tr>\n<td>50 g<\/td>\n<td>20 sachets<\/td>\n<td>6194046901583<\/td>\n<\/tr>\n<tr>\n<td>160 g<\/td>\n<td>Lot de 6 \u00e9tuis<\/td>\n<td>6194046901538<\/td>\n<\/tr>\n<\/tbody>\n<\/table>\n<ul>\n<li><span style=\"color: #339966;\"><strong>Id\u00e9e de cuisine <\/strong><\/span><\/li>\n<\/ul>\n<div style=\"text-align: justify;\">Les c\u00e2pres Smaoui particuli\u00e8rement savoureuses dans les pizzas, les salades et les plats \u00e0 base de poisson. Nous vous proposons des recettes avec les c\u00e2pres, afin d&rsquo;utiliser au mieux cette salaison.<\/div>\n<ul>\n<li><span style=\"color: #339966;\"><strong>Les atouts sant\u00e9 et nutrition<\/strong><\/span><\/li>\n<\/ul>\n<div style=\"text-align: justify;\">Bien que tr\u00e8s sal\u00e9es et dot\u00e9es d\u2019un go\u00fbt fort, les c\u00e2pres Smaoui sont tr\u00e8s b\u00e9n\u00e9fiques pour notre sant\u00e9. On trouve ainsi dans les c\u00e2pres un tr\u00e8s grand nombre d\u2019\u00e9l\u00e9ments nutritionnels indispensables au bon fonctionnement de l\u2019organisme. Ainsi, consommer des c\u00e2pres permet de donner au corps les apports journaliers.<\/div>\n<div>\n<p><strong><u>Informations nutritionnelles pour une portion 100 g<\/u><\/strong><\/p>\n<ul>\n<li><a href=\"https:\/\/www.lanutrition.fr\/capres#proteines\">Prot\u00e9ines<\/a>: 2.36 g<\/li>\n<li><a href=\"https:\/\/www.lanutrition.fr\/capres#lipides\">Lipides<\/a>: 0.86 g<\/li>\n<li><a href=\"https:\/\/www.lanutrition.fr\/capres#glucides\">Glucides<\/a>: 4.89 g<\/li>\n<li>Cendres\u00a0: 8.04 g<\/li>\n<li><a href=\"https:\/\/www.lanutrition.fr\/capres#energie-kcal\">Energie (kcal)<\/a>: 23 kCal<\/li>\n<li>Alcool\u00a0: 0 g<\/li>\n<li>Eau\u00a0: 83.85 g<\/li>\n<li>Fibres\u00a0: 3.2 g<\/li>\n<\/ul>\n<\/div>\n<ul>\n<li><span style=\"color: #339966;\"><strong>Secret de conservation\u00a0<\/strong><\/span><\/li>\n<\/ul>\n<div style=\"text-align: justify;\">\n<p>Conservez les c\u00e2pres Smaoui au r\u00e9frig\u00e9rateur dans un bocal ou dans un r\u00e9cipient herm\u00e9tique apr\u00e8s ouverture.<\/p>\n<\/div>\n","protected":false},"excerpt":{"rendered":"<div style=\"text-align: justify;\">Les c\u00e2pres sont les plus recherch\u00e9es en gastronomie : &#8230; <\/p>\n","protected":false},"featured_media":2291,"template":"","meta":[],"product_cat":[156],"product_tag":[],"class_list":{"0":"post-2289","1":"product","2":"type-product","3":"status-publish","4":"has-post-thumbnail","6":"product_cat-salaisons","8":"first","9":"instock","10":"shipping-taxable","11":"product-type-simple"},"_links":{"self":[{"href":"https:\/\/epices-smaoui.com\/index.php\/wp-json\/wp\/v2\/product\/2289","targetHints":{"allow":["GET"]}}],"collection":[{"href":"https:\/\/epices-smaoui.com\/index.php\/wp-json\/wp\/v2\/product"}],"about":[{"href":"https:\/\/epices-smaoui.com\/index.php\/wp-json\/wp\/v2\/types\/product"}],"wp:featuredmedia":[{"embeddable":true,"href":"https:\/\/epices-smaoui.com\/index.php\/wp-json\/wp\/v2\/media\/2291"}],"wp:attachment":[{"href":"https:\/\/epices-smaoui.com\/index.php\/wp-json\/wp\/v2\/media?parent=2289"}],"wp:term":[{"taxonomy":"product_cat","embeddable":true,"href":"https:\/\/epices-smaoui.com\/index.php\/wp-json\/wp\/v2\/product_cat?post=2289"},{"taxonomy":"product_tag","embeddable":true,"href":"https:\/\/epices-smaoui.com\/index.php\/wp-json\/wp\/v2\/product_tag?post=2289"}],"curies":[{"name":"wp","href":"https:\/\/api.w.org\/{rel}","templated":true}]}}