{"id":2284,"date":"2024-04-04T10:21:37","date_gmt":"2024-04-04T10:21:37","guid":{"rendered":"https:\/\/epices-smaoui.com\/?post_type=product&#038;p=2284"},"modified":"2024-04-04T10:23:30","modified_gmt":"2024-04-04T10:23:30","slug":"sorgho","status":"publish","type":"product","link":"https:\/\/epices-smaoui.com\/index.php\/product\/sorgho\/","title":{"rendered":"Sorgho<span class=\"codevz-product-category-after-title\">Produits de patisserie<\/span>"},"content":{"rendered":"<p><strong>Dosage :<\/strong> A volont\u00e9, selon votre pr\u00e9paration<\/p>\n<table>\n<tbody>\n<tr>\n<td>Article<\/td>\n<td>Poids par paquet<\/td>\n<td>Paquet\/ fardeau\/ carton<\/td>\n<td>Code \u00e0 barre<\/td>\n<\/tr>\n<tr>\n<td rowspan=\"2\">Sorgho<\/td>\n<td>___<\/td>\n<td><\/td>\n<td><\/td>\n<\/tr>\n<tr>\n<td>500 g<\/td>\n<td>20 sachets<\/td>\n<td>6194046900470<\/td>\n<\/tr>\n<\/tbody>\n<\/table>\n<ul>\n<li><span style=\"color: #339966;\"><strong>Id\u00e9e de cuisine <\/strong><\/span><\/li>\n<\/ul>\n<div style=\"text-align: justify;\">Dans les traditions Tunisienne, le Sorgho (droo) Smaoui est une c\u00e9r\u00e9ale tr\u00e8s consomm\u00e9e pendant l\u2019hiver et bien s\u00fbr en p\u00e9riode de ramadan sous forme d\u2019une cr\u00e8me servie au petit-d\u00e9jeuner ou \u00e0 int\u00e9grer dans vos farines pour la pr\u00e9paration du makroudh droo.<\/div>\n<ul>\n<li><span style=\"color: #339966;\"><strong>Les atouts sant\u00e9 et nutrition<\/strong><\/span><\/li>\n<\/ul>\n<div style=\"text-align: justify;\">Cette c\u00e9r\u00e9ale d\u2019\u00e9pices Smaoui est riche en nombreux min\u00e9raux et notamment en fer, en calcium et en phosphore. Le sorgho Smaoui constitue par ailleurs une bonne source de glucides, de prot\u00e9ines et de fibres alimentaires.<\/div>\n<div>\n<p><strong><u>Informations nutritionnelles pour une portion 100 g<\/u><\/strong><\/p>\n<ul>\n<li><strong>Prot\u00e9ines<\/strong> : 10.6 g<\/li>\n<li><strong>Glucides<\/strong>: 66.5 g<\/li>\n<li><strong>Lipides<\/strong> : 3.4 g<\/li>\n<li><strong>Calcium <\/strong>:39 mg<\/li>\n<li><strong>Fer <\/strong>:4.2mg<\/li>\n<li><strong>Phosphore <\/strong>:300mg<\/li>\n<\/ul>\n<\/div>\n<ul>\n<li><span style=\"color: #339966;\"><strong>Secret de conservation\u00a0<\/strong><\/span><\/li>\n<\/ul>\n<div style=\"text-align: justify;\">Pour maximiser la dur\u00e9e du sorgho Smaoui. Il est pr\u00e9f\u00e9rable le conserver \u00e0 l&rsquo;abri de la lumi\u00e8re, de la chaleur et de l&rsquo;humidit\u00e9.<\/div>\n","protected":false},"excerpt":{"rendered":"<div style=\"text-align: justify;\">Le sorgho est une c\u00e9r\u00e9ale tr\u00e8s peu connue en &#8230; <\/p>\n","protected":false},"featured_media":2285,"template":"","meta":[],"product_cat":[155],"product_tag":[],"class_list":{"0":"post-2284","1":"product","2":"type-product","3":"status-publish","4":"has-post-thumbnail","6":"product_cat-produits_de_patisserie","8":"first","9":"instock","10":"shipping-taxable","11":"product-type-simple"},"_links":{"self":[{"href":"https:\/\/epices-smaoui.com\/index.php\/wp-json\/wp\/v2\/product\/2284","targetHints":{"allow":["GET"]}}],"collection":[{"href":"https:\/\/epices-smaoui.com\/index.php\/wp-json\/wp\/v2\/product"}],"about":[{"href":"https:\/\/epices-smaoui.com\/index.php\/wp-json\/wp\/v2\/types\/product"}],"wp:featuredmedia":[{"embeddable":true,"href":"https:\/\/epices-smaoui.com\/index.php\/wp-json\/wp\/v2\/media\/2285"}],"wp:attachment":[{"href":"https:\/\/epices-smaoui.com\/index.php\/wp-json\/wp\/v2\/media?parent=2284"}],"wp:term":[{"taxonomy":"product_cat","embeddable":true,"href":"https:\/\/epices-smaoui.com\/index.php\/wp-json\/wp\/v2\/product_cat?post=2284"},{"taxonomy":"product_tag","embeddable":true,"href":"https:\/\/epices-smaoui.com\/index.php\/wp-json\/wp\/v2\/product_tag?post=2284"}],"curies":[{"name":"wp","href":"https:\/\/api.w.org\/{rel}","templated":true}]}}