{"id":2281,"date":"2024-04-04T10:17:52","date_gmt":"2024-04-04T10:17:52","guid":{"rendered":"https:\/\/epices-smaoui.com\/?post_type=product&#038;p=2281"},"modified":"2024-04-04T10:20:23","modified_gmt":"2024-04-04T10:20:23","slug":"graines-de-sesame","status":"publish","type":"product","link":"https:\/\/epices-smaoui.com\/index.php\/product\/graines-de-sesame\/","title":{"rendered":"Graines de S\u00e9same<span class=\"codevz-product-category-after-title\">Produits de patisserie<\/span>"},"content":{"rendered":"<p><strong>Dosage :<\/strong> A volont\u00e9, selon votre pr\u00e9paration<\/p>\n<table>\n<tbody>\n<tr>\n<td>Article<\/td>\n<td>Poids par paquet<\/td>\n<td>Paquet\/ fardeau\/ carton<\/td>\n<td>Code \u00e0 barre<\/td>\n<\/tr>\n<tr>\n<td rowspan=\"2\">S\u00e9same<\/td>\n<td>Vrac<\/td>\n<td>Vrac<\/td>\n<td><\/td>\n<\/tr>\n<tr>\n<td>100 g<\/td>\n<td>10 sachets<\/td>\n<td>6194046900319<\/td>\n<\/tr>\n<\/tbody>\n<\/table>\n<ul>\n<li><span style=\"color: #339966;\"><strong>Id\u00e9e de cuisine <\/strong><\/span><\/li>\n<\/ul>\n<div style=\"text-align: justify;\">On utilise cette graine essentiellement en boulangerie et en p\u00e2tisserie<\/div>\n<div style=\"text-align: justify;\">C&rsquo;est d&rsquo;ailleurs un des ingr\u00e9dients principaux de notre m\u00e9lange de la garniture du pain qui est un m\u00e9lange de graines pour, entre autres, la confection de pain maison.Nous vous proposons des recettes avec s\u00e9same Smaoui, afin d&rsquo;utiliser au mieux.<\/div>\n<ul>\n<li><span style=\"color: #339966;\"><strong>Les atouts sant\u00e9 et nutrition<\/strong><\/span><\/li>\n<\/ul>\n<div style=\"text-align: justify;\">Le s\u00e9same est l&rsquo;un des plus anciens aliments \u00e0 avoir \u00e9t\u00e9 utilis\u00e9 pour ses propri\u00e9t\u00e9s m\u00e9dicinales, ses graines Bourr\u00e9es d&rsquo;antioxydants, de vitamines, de min\u00e9raux, de fibres et d&rsquo;acides gras essentiels, le s\u00e9same est un aliment-sant\u00e9 par excellence.<\/div>\n<div>\n<p><strong><u>Informations nutritionnelles pour une portion 100 g<\/u><\/strong><\/p>\n<ul>\n<li>Eau\u00a0: 3,75<\/li>\n<li>Prot\u00e9ines\u00a0: 20,45<\/li>\n<li>Mati\u00e8res grasses (lipides)\u00a0: 61,21<\/li>\n<li>Glucides\u00a0: 11,73<\/li>\n<li>Fibres\u00a0: 11,73<\/li>\n<li>Calories\u00a0: 631<\/li>\n<li>Vitamines\u00a0: B<\/li>\n<\/ul>\n<\/div>\n<ul>\n<li><span style=\"color: #339966;\"><strong>Secret de conservation\u00a0<\/strong><\/span><\/li>\n<\/ul>\n<div style=\"text-align: justify;\">Pour maximiser la dur\u00e9e de conservation des graines de s\u00e9same apr\u00e8s ouverture de l\u2019emballage, conservez-les dans un r\u00e9cipient herm\u00e9tique ou un sac en plastique r\u00e9sistant. <\/div>\n","protected":false},"excerpt":{"rendered":"<div style=\"text-align: justify;\">Les graines de s\u00e9same sont issue d&rsquo;une plante ol\u00e9agineuse &#8230; <\/p>\n","protected":false},"featured_media":2282,"template":"","meta":[],"product_cat":[155],"product_tag":[],"class_list":{"0":"post-2281","1":"product","2":"type-product","3":"status-publish","4":"has-post-thumbnail","6":"product_cat-produits_de_patisserie","8":"first","9":"instock","10":"shipping-taxable","11":"product-type-simple"},"_links":{"self":[{"href":"https:\/\/epices-smaoui.com\/index.php\/wp-json\/wp\/v2\/product\/2281","targetHints":{"allow":["GET"]}}],"collection":[{"href":"https:\/\/epices-smaoui.com\/index.php\/wp-json\/wp\/v2\/product"}],"about":[{"href":"https:\/\/epices-smaoui.com\/index.php\/wp-json\/wp\/v2\/types\/product"}],"wp:featuredmedia":[{"embeddable":true,"href":"https:\/\/epices-smaoui.com\/index.php\/wp-json\/wp\/v2\/media\/2282"}],"wp:attachment":[{"href":"https:\/\/epices-smaoui.com\/index.php\/wp-json\/wp\/v2\/media?parent=2281"}],"wp:term":[{"taxonomy":"product_cat","embeddable":true,"href":"https:\/\/epices-smaoui.com\/index.php\/wp-json\/wp\/v2\/product_cat?post=2281"},{"taxonomy":"product_tag","embeddable":true,"href":"https:\/\/epices-smaoui.com\/index.php\/wp-json\/wp\/v2\/product_tag?post=2281"}],"curies":[{"name":"wp","href":"https:\/\/api.w.org\/{rel}","templated":true}]}}