{"id":2279,"date":"2024-04-04T10:13:56","date_gmt":"2024-04-04T10:13:56","guid":{"rendered":"https:\/\/epices-smaoui.com\/?post_type=product&#038;p=2279"},"modified":"2024-04-04T10:16:11","modified_gmt":"2024-04-04T10:16:11","slug":"pois-chiche-moulu","status":"publish","type":"product","link":"https:\/\/epices-smaoui.com\/index.php\/product\/pois-chiche-moulu\/","title":{"rendered":"Pois chiche moulu<span class=\"codevz-product-category-after-title\">Produits de patisserie<\/span>"},"content":{"rendered":"<p><strong>Dosage :<\/strong> A volont\u00e9, selon votre pr\u00e9paration<\/p>\n<table>\n<tbody>\n<tr>\n<td>Article<\/td>\n<td>Poids par paquet<\/td>\n<td>Paquet\/ fardeau\/ carton<\/td>\n<td>Code \u00e0 barre<\/td>\n<\/tr>\n<tr>\n<td rowspan=\"2\">Pois chiche moulu<\/td>\n<td>Vrac<\/td>\n<td><\/td>\n<td><\/td>\n<\/tr>\n<tr>\n<td>500 g<\/td>\n<td>20 sachets<\/td>\n<td>6194046900463<\/td>\n<\/tr>\n<\/tbody>\n<\/table>\n<ul>\n<li><span style=\"color: #339966;\"><strong>Id\u00e9e de cuisine <\/strong><\/span><\/li>\n<\/ul>\n<div style=\"text-align: justify;\">Les pois chiches moulu se consomme g\u00e9n\u00e9ralement en makhroudh \u00ab homsia ou ghraiba \u00bb, c\u2019est un g\u00e2teau traditionnel cuit en four qui se compose de pois chiches moulus Smaoui, farine, Amidon, Sucre glace et l\u2019huile d\u2019olive<\/div>\n<ul>\n<li><span style=\"color: #339966;\"><strong>Les atouts sant\u00e9 et nutrition<\/strong><\/span><\/li>\n<\/ul>\n<div style=\"text-align: justify;\">Gr\u00e2ce \u00e0 leur teneur en zinc, les pois chiches permettent au corps d&rsquo;assimiler et d&#8217;emmagasiner l&rsquo;insuline, c&rsquo;est pourquoi ils sont parfaits pour les diab\u00e9tiques. De plus, ils nous aident \u00e0 renforcer notre syst\u00e8me immunitaire.<\/div>\n<div>\n<p><strong><u>Informations nutritionnelles pour une portion 100 g<\/u><\/strong><\/p>\n<p><strong>Pois chiches cuits \u00e0 l\u2019eau, 100 g<\/strong><\/p>\n<ul>\n<li>Calories\u00a0: 147<\/li>\n<li>Prot\u00e9ines\u00a0: 8.31 g<\/li>\n<li>Glucides\u00a0: 17.7 g<\/li>\n<li>Lipides 3 g<\/li>\n<li>Fibres alimentaires\u00a0: 8.2 g<\/li>\n<li>Zinc : 1,02 mg<\/li>\n<\/ul>\n<\/div>\n<ul>\n<li><span style=\"color: #339966;\"><strong>Secret de conservation\u00a0<\/strong><\/span><\/li>\n<\/ul>\n<div style=\"text-align: justify;\">Pour maximiser la dur\u00e9e de conservation du pois chiche moulu Smaoui, conservez-le dans un endroit frais et sec.<br \/>\nStock\u00e9 dans de bonnes conditions, il conserve g\u00e9n\u00e9ralement une qualit\u00e9 optimale pendant environ 3 mois \u00e0 temp\u00e9rature ambiante.<br \/>\nPour maximiser la dur\u00e9e de conservation, apr\u00e8s ouverture de l\u2019emballage, transvasez le pois chiche moulu Smaoui dans un r\u00e9cipient herm\u00e9tique ou emballez-le dans un sac de cong\u00e9lation en plastique refermable.\n<\/div>\n","protected":false},"excerpt":{"rendered":"<div style=\"text-align: justify;\">Les pois chiches moulu Smaoui est une plante de &#8230; <\/p>\n","protected":false},"featured_media":2280,"template":"","meta":[],"product_cat":[155],"product_tag":[],"class_list":{"0":"post-2279","1":"product","2":"type-product","3":"status-publish","4":"has-post-thumbnail","6":"product_cat-produits_de_patisserie","8":"first","9":"instock","10":"shipping-taxable","11":"product-type-simple"},"_links":{"self":[{"href":"https:\/\/epices-smaoui.com\/index.php\/wp-json\/wp\/v2\/product\/2279","targetHints":{"allow":["GET"]}}],"collection":[{"href":"https:\/\/epices-smaoui.com\/index.php\/wp-json\/wp\/v2\/product"}],"about":[{"href":"https:\/\/epices-smaoui.com\/index.php\/wp-json\/wp\/v2\/types\/product"}],"wp:featuredmedia":[{"embeddable":true,"href":"https:\/\/epices-smaoui.com\/index.php\/wp-json\/wp\/v2\/media\/2280"}],"wp:attachment":[{"href":"https:\/\/epices-smaoui.com\/index.php\/wp-json\/wp\/v2\/media?parent=2279"}],"wp:term":[{"taxonomy":"product_cat","embeddable":true,"href":"https:\/\/epices-smaoui.com\/index.php\/wp-json\/wp\/v2\/product_cat?post=2279"},{"taxonomy":"product_tag","embeddable":true,"href":"https:\/\/epices-smaoui.com\/index.php\/wp-json\/wp\/v2\/product_tag?post=2279"}],"curies":[{"name":"wp","href":"https:\/\/api.w.org\/{rel}","templated":true}]}}