{"id":2276,"date":"2024-04-04T10:08:57","date_gmt":"2024-04-04T10:08:57","guid":{"rendered":"https:\/\/epices-smaoui.com\/?post_type=product&#038;p=2276"},"modified":"2024-04-04T10:12:01","modified_gmt":"2024-04-04T10:12:01","slug":"noix-de-coco","status":"publish","type":"product","link":"https:\/\/epices-smaoui.com\/index.php\/product\/noix-de-coco\/","title":{"rendered":"Noix de coco<span class=\"codevz-product-category-after-title\">Produits de patisserie<\/span>"},"content":{"rendered":"<p><strong>Dosage :<\/strong> A volont\u00e9, selon votre pr\u00e9paration<\/p>\n<table>\n<tbody>\n<tr>\n<td>Article<\/td>\n<td>Poids par paquet<\/td>\n<td>Paquet\/ fardeau\/ carton<\/td>\n<td>Code \u00e0 barre<\/td>\n<\/tr>\n<tr>\n<td rowspan=\"3\">Noix de coco<\/td>\n<td>Vrac<\/td>\n<td><\/td>\n<td><\/td>\n<\/tr>\n<tr>\n<td>250 g<\/td>\n<td>5 sachets<\/td>\n<td>6194046901149<\/td>\n<\/tr>\n<tr>\n<td>100 g<\/td>\n<td>10 sachets<\/td>\n<td>6194046901491<\/td>\n<\/tr>\n<\/tbody>\n<\/table>\n<ul>\n<li><span style=\"color: #339966;\"><strong>Id\u00e9e de cuisine <\/strong><\/span><\/li>\n<\/ul>\n<div style=\"text-align: justify;\">la noix de coco ne se d\u00e9cline pas que sous forme de g\u00e2teaux, on peut l&rsquo;utiliser, en version sucr\u00e9e ou sal\u00e9e, c&rsquo;est un r\u00e9gal ! Nous vous proposons des recettes avec de la noix de coco, afin d&rsquo;utiliser au mieux ce fruit.<\/div>\n<ul>\n<li><span style=\"color: #339966;\"><strong>Les atouts sant\u00e9 et nutrition<\/strong><\/span><\/li>\n<\/ul>\n<div>\n<p><strong><u>Informations nutritionnelles pour une portion 100 g<\/u><\/strong><\/p>\n<ul>\n<li>Energie\u00a0: 365 kcal<\/li>\n<li>Eau\u00a0: 47 g<\/li>\n<li>Prot\u00e9ines\u00a0: 3,33 g<\/li>\n<li>Glucides\u00a0: 6,22 g<\/li>\n<li>Lipides\u00a0: 33,5 g<\/li>\n<li>Fibres alimentaires\u00a0: 9 g<\/li>\n<li>AG satur\u00e9s\u00a0: 29,7 g<\/li>\n<li>Calcium\u00a0: 14 mg<\/li>\n<li>Fer\u00a0: 2,43 mg<\/li>\n<li>Zinc\u00a0: 1,1 mg<\/li>\n<\/ul>\n<\/div>\n<ul>\n<li><span style=\"color: #339966;\"><strong>Secret de conservation\u00a0<\/strong><\/span><\/li>\n<\/ul>\n<div style=\"text-align: justify;\">Apr\u00e8s ouverture l\u2019emballage, r\u00e9frig\u00e9rez la noix de coco Smaoui dans un r\u00e9cipient herm\u00e9tique.<\/div>\n","protected":false},"excerpt":{"rendered":"<div style=\"text-align: justify;\">Noix de coco Smaoui est une excellente source de &#8230; <\/p>\n","protected":false},"featured_media":2277,"template":"","meta":[],"product_cat":[155],"product_tag":[],"class_list":{"0":"post-2276","1":"product","2":"type-product","3":"status-publish","4":"has-post-thumbnail","6":"product_cat-produits_de_patisserie","8":"first","9":"instock","10":"shipping-taxable","11":"product-type-simple"},"_links":{"self":[{"href":"https:\/\/epices-smaoui.com\/index.php\/wp-json\/wp\/v2\/product\/2276","targetHints":{"allow":["GET"]}}],"collection":[{"href":"https:\/\/epices-smaoui.com\/index.php\/wp-json\/wp\/v2\/product"}],"about":[{"href":"https:\/\/epices-smaoui.com\/index.php\/wp-json\/wp\/v2\/types\/product"}],"wp:featuredmedia":[{"embeddable":true,"href":"https:\/\/epices-smaoui.com\/index.php\/wp-json\/wp\/v2\/media\/2277"}],"wp:attachment":[{"href":"https:\/\/epices-smaoui.com\/index.php\/wp-json\/wp\/v2\/media?parent=2276"}],"wp:term":[{"taxonomy":"product_cat","embeddable":true,"href":"https:\/\/epices-smaoui.com\/index.php\/wp-json\/wp\/v2\/product_cat?post=2276"},{"taxonomy":"product_tag","embeddable":true,"href":"https:\/\/epices-smaoui.com\/index.php\/wp-json\/wp\/v2\/product_tag?post=2276"}],"curies":[{"name":"wp","href":"https:\/\/api.w.org\/{rel}","templated":true}]}}