{"id":2273,"date":"2024-04-04T10:00:49","date_gmt":"2024-04-04T10:00:49","guid":{"rendered":"https:\/\/epices-smaoui.com\/?post_type=product&#038;p=2273"},"modified":"2024-04-04T10:03:40","modified_gmt":"2024-04-04T10:03:40","slug":"bsissa-houar","status":"publish","type":"product","link":"https:\/\/epices-smaoui.com\/index.php\/product\/bsissa-houar\/","title":{"rendered":"Bsissa Houar<span class=\"codevz-product-category-after-title\">Produits de patisserie<\/span>"},"content":{"rendered":"<p><strong>Ingr\u00e9dients :<\/strong> pois chiche, sorgho, bl\u00e9, lentille, f\u00e9vette, fenouil, carvi, grain d\u2019anis, romarin et \u00e9corces d&rsquo;orange, fruits secs.<br \/>\n<strong>Dosage :<\/strong> A volont\u00e9, selon votre pr\u00e9paration<\/p>\n<table>\n<tbody>\n<tr>\n<td>Article<\/td>\n<td>Poids par paquet<\/td>\n<td>Paquet\/ fardeau\/ carton<\/td>\n<td>Code \u00e0 barre<\/td>\n<\/tr>\n<tr>\n<td rowspan=\"2\">Bsissa Houar aux fruits secs<\/td>\n<td>Vrac<\/td>\n<td><\/td>\n<td><\/td>\n<\/tr>\n<tr>\n<td>500 g<\/td>\n<td>10 sachets <\/td>\n<td>6194046901569<\/td>\n<\/tr>\n<\/tbody>\n<\/table>\n<ul>\n<li><span style=\"color: #339966;\"><strong>Id\u00e9e de cuisine <\/strong><\/span><\/li>\n<\/ul>\n<div style=\"text-align: justify;\">Dans les traditions Tunisiennes, Bsissa Houar Smaoui peut \u00eatre liquide, m\u00e9lang\u00e9 avec l\u2019eau, ou solide m\u00e9lang\u00e9 avec de l\u2019huile d\u2019olive.<\/div>\n<div style=\"text-align: justify;\">La bsissa est consomm\u00e9e, g\u00e9n\u00e9ralement au petit d\u00e9jeuner. Elle est, \u00e9galement tr\u00e8s appr\u00e9ci\u00e9 durant le mois de ramadan ou sa richesse en calories et en vitamines permettent \u00e0 ses consommateurs de mieux supporter le jeune durant la journ\u00e9e. <\/div>\n<ul>\n<li><span style=\"color: #339966;\"><strong>Les atouts sant\u00e9 et nutrition<\/strong><\/span><\/li>\n<\/ul>\n<div style=\"text-align: justify;\">Ces graines apportent gout et saveur, mais \u00e9galement multiples b\u00e9n\u00e9fices pour la sant\u00e9 : le pois chiche provoque les urines, favorise les menstruations et les flatulences, le sorgho est une source de glucides, de prot\u00e9ines et de fibres alimentaires, le bl\u00e9 prot\u00e8ge le syst\u00e8me cardiovasculaire, r\u00e9duit le taux de cholest\u00e9rol dans le sang, renforce le syst\u00e8me immunitaire, favorise la digestion et combat la constipation et les f\u00e9vettes fournissent de l\u2019\u00e9nergie n\u00e9cessaire en raison du fer qu\u2019elles contiennent.<\/div>\n<p><strong><u>Informations nutritionnelles pour une portion 100 g<\/u><\/strong><\/p>\n<ul>\n<li><span style=\"color: #339966;\"><strong>Secret de conservation\u00a0<\/strong><\/span><\/li>\n<\/ul>\n<div style=\"text-align: justify;\">Pour maximiser la dur\u00e9e du Bsissa Houar Smaoui. Il est pr\u00e9f\u00e9rable le conserver \u00e0 l&rsquo;abri de la lumi\u00e8re, de la chaleur et de l&rsquo;humidit\u00e9 dans un r\u00e9cipient herm\u00e9tique.<\/div>\n","protected":false},"excerpt":{"rendered":"<div style=\"text-align: justify;\">Bsissa houra aux fruits secs Smaoui est un m\u00e9lange &#8230; <\/p>\n","protected":false},"featured_media":2274,"template":"","meta":[],"product_cat":[155],"product_tag":[],"class_list":{"0":"post-2273","1":"product","2":"type-product","3":"status-publish","4":"has-post-thumbnail","6":"product_cat-produits_de_patisserie","8":"first","9":"instock","10":"shipping-taxable","11":"product-type-simple"},"_links":{"self":[{"href":"https:\/\/epices-smaoui.com\/index.php\/wp-json\/wp\/v2\/product\/2273","targetHints":{"allow":["GET"]}}],"collection":[{"href":"https:\/\/epices-smaoui.com\/index.php\/wp-json\/wp\/v2\/product"}],"about":[{"href":"https:\/\/epices-smaoui.com\/index.php\/wp-json\/wp\/v2\/types\/product"}],"wp:featuredmedia":[{"embeddable":true,"href":"https:\/\/epices-smaoui.com\/index.php\/wp-json\/wp\/v2\/media\/2274"}],"wp:attachment":[{"href":"https:\/\/epices-smaoui.com\/index.php\/wp-json\/wp\/v2\/media?parent=2273"}],"wp:term":[{"taxonomy":"product_cat","embeddable":true,"href":"https:\/\/epices-smaoui.com\/index.php\/wp-json\/wp\/v2\/product_cat?post=2273"},{"taxonomy":"product_tag","embeddable":true,"href":"https:\/\/epices-smaoui.com\/index.php\/wp-json\/wp\/v2\/product_tag?post=2273"}],"curies":[{"name":"wp","href":"https:\/\/api.w.org\/{rel}","templated":true}]}}