{"id":2271,"date":"2024-04-04T09:56:30","date_gmt":"2024-04-04T09:56:30","guid":{"rendered":"https:\/\/epices-smaoui.com\/?post_type=product&#038;p=2271"},"modified":"2024-04-04T09:58:56","modified_gmt":"2024-04-04T09:58:56","slug":"bsissa","status":"publish","type":"product","link":"https:\/\/epices-smaoui.com\/index.php\/product\/bsissa\/","title":{"rendered":"Bsissa<span class=\"codevz-product-category-after-title\">Produits de patisserie<\/span>"},"content":{"rendered":"<p><strong>Ingr\u00e9dient :<\/strong> pois chiche, bl\u00e9, f\u00e9vette<br \/>\n<strong>Dosage :<\/strong> A volont\u00e9, selon votre pr\u00e9paration<\/p>\n<table>\n<tbody>\n<tr>\n<td>Article<\/td>\n<td>Poids par paquet<\/td>\n<td>Paquet\/ fardeau\/ carton<\/td>\n<td>Code \u00e0 barre<\/td>\n<\/tr>\n<tr>\n<td rowspan=\"2\">Bsissa <\/td>\n<td>___<\/td>\n<td><\/td>\n<td><\/td>\n<\/tr>\n<tr>\n<td>500 g<\/td>\n<td>20 sachets <\/td>\n<td>6194046900432<\/td>\n<\/tr>\n<\/tbody>\n<\/table>\n<ul>\n<li><span style=\"color: #339966;\"><strong>Id\u00e9e de cuisine <\/strong><\/span><\/li>\n<\/ul>\n<div style=\"text-align: justify;\">Bsissa Smaoui se consomme g\u00e9n\u00e9ralement m\u00e9lang\u00e9e \u00e0 de l\u2019huile d\u2019olive, accompagn\u00e9 aux dattes au moment du petit-d\u00e9jeuner. Imaginez-vous une p\u00e2te \u00e0 tartiner, que l\u2019on r\u00e9alise chez soi, sans additifs ni conservateurs, hautement nutritive et riche en vitamines. <\/div>\n<ul>\n<li><span style=\"color: #339966;\"><strong>Les atouts sant\u00e9 et nutrition<\/strong><\/span><\/li>\n<\/ul>\n<div style=\"text-align: justify;\">Ce m\u00e9lange apporte du gout et saveur, mais \u00e9galement multiples b\u00e9n\u00e9fices pour la sant\u00e9 : le pois chiche provoque les urines, favorise les menstruations et les flatulences, les f\u00e9vettes r\u00e9duire le risque de malformations cong\u00e9nitales Alors que le folate est utile pour fournir de l\u2019\u00e9nergie, il est aussi connu comme un nutriment important pour les femmes enceintes et le bl\u00e9 prot\u00e8ge le syst\u00e8me cardiovasculaire, r\u00e9duit le taux de cholest\u00e9rol dans le sang, renforce le syst\u00e8me immunitaire, favorise la digestion et combat la constipation. <\/div>\n<ul>\n<li><span style=\"color: #339966;\"><strong>Secret de conservation\u00a0<\/strong><\/span><\/li>\n<\/ul>\n<div style=\"text-align: justify;\">S\u2019elle est stock\u00e9 dans de bonnes conditions, la bsissa Smaoui se conserve ind\u00e9finiment \u00e0 temp\u00e9rature ambiante.<\/div>\n<div style=\"text-align: justify;\">Pour pr\u00e9server les propri\u00e9t\u00e9s gustatives du bsissa smaoui, transvasez la dans un r\u00e9cipient herm\u00e9tique, \u00e0 l&rsquo;abri de l&rsquo;humidit\u00e9<\/div>\n","protected":false},"excerpt":{"rendered":"<div style=\"text-align: justify;\">Bsissa de bl\u00e9 Smaoui est un produit indisponsable des &#8230; <\/p>\n","protected":false},"featured_media":2272,"template":"","meta":[],"product_cat":[155],"product_tag":[],"class_list":{"0":"post-2271","1":"product","2":"type-product","3":"status-publish","4":"has-post-thumbnail","6":"product_cat-produits_de_patisserie","8":"first","9":"instock","10":"shipping-taxable","11":"product-type-simple"},"_links":{"self":[{"href":"https:\/\/epices-smaoui.com\/index.php\/wp-json\/wp\/v2\/product\/2271","targetHints":{"allow":["GET"]}}],"collection":[{"href":"https:\/\/epices-smaoui.com\/index.php\/wp-json\/wp\/v2\/product"}],"about":[{"href":"https:\/\/epices-smaoui.com\/index.php\/wp-json\/wp\/v2\/types\/product"}],"wp:featuredmedia":[{"embeddable":true,"href":"https:\/\/epices-smaoui.com\/index.php\/wp-json\/wp\/v2\/media\/2272"}],"wp:attachment":[{"href":"https:\/\/epices-smaoui.com\/index.php\/wp-json\/wp\/v2\/media?parent=2271"}],"wp:term":[{"taxonomy":"product_cat","embeddable":true,"href":"https:\/\/epices-smaoui.com\/index.php\/wp-json\/wp\/v2\/product_cat?post=2271"},{"taxonomy":"product_tag","embeddable":true,"href":"https:\/\/epices-smaoui.com\/index.php\/wp-json\/wp\/v2\/product_tag?post=2271"}],"curies":[{"name":"wp","href":"https:\/\/api.w.org\/{rel}","templated":true}]}}