{"id":2268,"date":"2024-04-04T09:52:02","date_gmt":"2024-04-04T09:52:02","guid":{"rendered":"https:\/\/epices-smaoui.com\/?post_type=product&#038;p=2268"},"modified":"2024-04-04T09:54:44","modified_gmt":"2024-04-04T09:54:44","slug":"amidon","status":"publish","type":"product","link":"https:\/\/epices-smaoui.com\/index.php\/product\/amidon\/","title":{"rendered":"Amidon<span class=\"codevz-product-category-after-title\">Produits de patisserie<\/span>"},"content":{"rendered":"<p><strong>Dosage :<\/strong> A volont\u00e9, selon votre pr\u00e9paration<\/p>\n<table>\n<tbody>\n<tr>\n<td>Article<\/td>\n<td>Poids par paquet<\/td>\n<td>Paquet\/ fardeau\/ carton<\/td>\n<td>Code \u00e0 barre<\/td>\n<\/tr>\n<tr>\n<td rowspan=\"3\">Amidon<\/td>\n<td>Vrac<\/td>\n<td><\/td>\n<td><\/td>\n<\/tr>\n<tr>\n<td>500 g<\/td>\n<td>___<\/td>\n<td><\/td>\n<\/tr>\n<tr>\n<td>160 g<\/td>\n<td>Lot de 6 \u00e9tuis<\/td>\n<td>6194046901538<\/td>\n<\/tr>\n<\/tbody>\n<\/table>\n<ul>\n<li><span style=\"color: #339966;\"><strong>Id\u00e9e de cuisine <\/strong><\/span><\/li>\n<\/ul>\n<div style=\"text-align: justify;\">Dans les traditions tunisienne, amidon Smaoui est une poudre utile dans l&rsquo;\u00e9laboration d&rsquo;une cr\u00e8me p\u00e2tissi\u00e8re, makhroudh, homs, p\u00e2te baklewa, assida arbi, \u2026<\/div>\n<ul>\n<li><span style=\"color: #339966;\"><strong>Les atouts sant\u00e9 et nutrition<\/strong><\/span><\/li>\n<\/ul>\n<div>\n<p><strong><u>Informations nutritionnelles pour une portion 100 g<\/u><\/strong><\/p>\n<ul>\n<li>Glucides : 85 g<\/li>\n<li>Prot\u00e9ines\u00a0: 0.6 g<\/li>\n<li>Lipides\u00a0: 0 g<\/li>\n<li>Fibres\u00a0: 0.00 g<\/li>\n<li>Eau\u00a0: 14.2 g<\/li>\n<\/ul>\n<\/div>\n<ul>\n<li><span style=\"color: #339966;\"><strong>Secret de conservation\u00a0<\/strong><\/span><\/li>\n<\/ul>\n<div style=\"text-align: justify;\">Pour maximiser la dur\u00e9e de conservation d\u2019amidon Smaoui, conservez-la dans un endroit sombre et frais, \u00e0 l\u2019abri de la chaleur et de la lumi\u00e8re directe du soleil. Apr\u00e8s ouverture, conservez-la dans un r\u00e9cipient herm\u00e9tique.<\/div>\n<div style=\"text-align: justify;\">Stock\u00e9e dans de bonnes conditions, amidon Smaoui ind\u00e9finiment, sans perte de qualit\u00e9.<\/div>\n","protected":false},"excerpt":{"rendered":"<div style=\"text-align: justify;\">Amidon Smaoui employ\u00e9e comme aide culinaire, comme agent de &#8230; <\/p>\n","protected":false},"featured_media":2269,"template":"","meta":[],"product_cat":[155],"product_tag":[],"class_list":{"0":"post-2268","1":"product","2":"type-product","3":"status-publish","4":"has-post-thumbnail","6":"product_cat-produits_de_patisserie","8":"first","9":"instock","10":"shipping-taxable","11":"product-type-simple"},"_links":{"self":[{"href":"https:\/\/epices-smaoui.com\/index.php\/wp-json\/wp\/v2\/product\/2268","targetHints":{"allow":["GET"]}}],"collection":[{"href":"https:\/\/epices-smaoui.com\/index.php\/wp-json\/wp\/v2\/product"}],"about":[{"href":"https:\/\/epices-smaoui.com\/index.php\/wp-json\/wp\/v2\/types\/product"}],"wp:featuredmedia":[{"embeddable":true,"href":"https:\/\/epices-smaoui.com\/index.php\/wp-json\/wp\/v2\/media\/2269"}],"wp:attachment":[{"href":"https:\/\/epices-smaoui.com\/index.php\/wp-json\/wp\/v2\/media?parent=2268"}],"wp:term":[{"taxonomy":"product_cat","embeddable":true,"href":"https:\/\/epices-smaoui.com\/index.php\/wp-json\/wp\/v2\/product_cat?post=2268"},{"taxonomy":"product_tag","embeddable":true,"href":"https:\/\/epices-smaoui.com\/index.php\/wp-json\/wp\/v2\/product_tag?post=2268"}],"curies":[{"name":"wp","href":"https:\/\/api.w.org\/{rel}","templated":true}]}}