{"id":2263,"date":"2024-04-04T09:41:17","date_gmt":"2024-04-04T09:41:17","guid":{"rendered":"https:\/\/epices-smaoui.com\/?post_type=product&#038;p=2263"},"modified":"2024-04-04T09:46:07","modified_gmt":"2024-04-04T09:46:07","slug":"verveine","status":"publish","type":"product","link":"https:\/\/epices-smaoui.com\/index.php\/product\/verveine\/","title":{"rendered":"Verveine<span class=\"codevz-product-category-after-title\">Plantes naturelles<\/span>"},"content":{"rendered":"<p><strong>Dosage :<\/strong> A volont\u00e9, selon votre gout<\/p>\n<table>\n<tbody>\n<tr>\n<td>Article<\/td>\n<td>Poids par paquet<\/td>\n<td>Paquet\/ fardeau\/ carton<\/td>\n<td>Code \u00e0 barre<\/td>\n<\/tr>\n<tr>\n<td rowspan=\"2\">Verveine<\/td>\n<td>Vrac<\/td>\n<td><\/td>\n<td><\/td>\n<\/tr>\n<tr>\n<td>10 g<\/td>\n<td>20 sachets<\/td>\n<td>6194046900609<\/td>\n<\/tr>\n<\/tbody>\n<\/table>\n<ul>\n<li><span style=\"color: #339966;\"><strong>Id\u00e9e de cuisine <\/strong><\/span><\/li>\n<\/ul>\n<div style=\"text-align: justify;\">La verveine odorante en suffisant \u00e0 elle-m\u00eame, consommez-la en tisane \u00ab mono flore \u00bb, le soir avant le coucher<\/div>\n<div style=\"text-align: justify;\">Vous pouvez la sucrez, l\u00e9g\u00e8rement, avec du miel de tilleul, d\u2019oranger ou d\u2019acacia<\/div>\n<div style=\"text-align: justify;\">Nous vous proposons des recettes avec verveine Smaoui, afin d&rsquo;utiliser au mieux cette herbe.<\/div>\n<ul>\n<li><span style=\"color: #339966;\"><strong>Les atouts sant\u00e9 et nutrition<\/strong><\/span><\/li>\n<\/ul>\n<div style=\"text-align: justify;\">Tr\u00e8s aromatique, la verveine citronnelle offre ses bienfaits salvateurs. Aidant \u00e0 la digestion et soulageant le stress, ses feuilles acidul\u00e9es composent des tisanes r\u00e9confortantes.<\/div>\n<div>\n<p><strong><u>Informations nutritionnelles pour une portion 100 g<\/u><\/strong><\/p>\n<ul>\n<li>\u00c9nergie\u00a017 kJ<\/li>\n<li>Lipides0 g<\/li>\n<li>Glucides0,5 g<\/li>\n<li>Prot\u00e9ines\u00a00,5 g<\/li>\n<\/ul>\n<\/div>\n<ul>\n<li><span style=\"color: #339966;\"><strong>Secret de conservation\u00a0<\/strong><\/span><\/li>\n<\/ul>\n<div style=\"text-align: justify;\">La verveine peut se conserver de diverses mani\u00e8res. La plus efficace reste la cong\u00e9lation. On place dans du papier aluminium les feuilles de verveine fra\u00eeches, ainsi elles se conservent pendant des mois. <\/div>\n","protected":false},"excerpt":{"rendered":"<div style=\"text-align: justify;\"> la verveine citronnelle est un petit arbrisseau atteignant &#8230; <\/p>\n","protected":false},"featured_media":2264,"template":"","meta":[],"product_cat":[154],"product_tag":[],"class_list":{"0":"post-2263","1":"product","2":"type-product","3":"status-publish","4":"has-post-thumbnail","6":"product_cat-plantes_naturelles","8":"first","9":"instock","10":"shipping-taxable","11":"product-type-simple"},"_links":{"self":[{"href":"https:\/\/epices-smaoui.com\/index.php\/wp-json\/wp\/v2\/product\/2263","targetHints":{"allow":["GET"]}}],"collection":[{"href":"https:\/\/epices-smaoui.com\/index.php\/wp-json\/wp\/v2\/product"}],"about":[{"href":"https:\/\/epices-smaoui.com\/index.php\/wp-json\/wp\/v2\/types\/product"}],"wp:featuredmedia":[{"embeddable":true,"href":"https:\/\/epices-smaoui.com\/index.php\/wp-json\/wp\/v2\/media\/2264"}],"wp:attachment":[{"href":"https:\/\/epices-smaoui.com\/index.php\/wp-json\/wp\/v2\/media?parent=2263"}],"wp:term":[{"taxonomy":"product_cat","embeddable":true,"href":"https:\/\/epices-smaoui.com\/index.php\/wp-json\/wp\/v2\/product_cat?post=2263"},{"taxonomy":"product_tag","embeddable":true,"href":"https:\/\/epices-smaoui.com\/index.php\/wp-json\/wp\/v2\/product_tag?post=2263"}],"curies":[{"name":"wp","href":"https:\/\/api.w.org\/{rel}","templated":true}]}}