{"id":2261,"date":"2024-04-04T09:35:21","date_gmt":"2024-04-04T09:35:21","guid":{"rendered":"https:\/\/epices-smaoui.com\/?post_type=product&#038;p=2261"},"modified":"2024-04-04T09:38:56","modified_gmt":"2024-04-04T09:38:56","slug":"thym","status":"publish","type":"product","link":"https:\/\/epices-smaoui.com\/index.php\/product\/thym\/","title":{"rendered":"Thym<span class=\"codevz-product-category-after-title\">Plantes naturelles<\/span>"},"content":{"rendered":"<p><strong>Dosage :<\/strong> 1 \u00e0 2 cuill\u00e8re \u00e0 soupe pour 4 personnes.<\/p>\n<table>\n<tbody>\n<tr>\n<td>Article<\/td>\n<td>Poids par paquet<\/td>\n<td>Paquet\/ fardeau\/ carton<\/td>\n<td>Code \u00e0 barre<\/td>\n<\/tr>\n<tr>\n<td rowspan=\"2\">Thym<\/td>\n<td>Vrac<\/td>\n<td><\/td>\n<td><\/td>\n<\/tr>\n<tr>\n<td>30 g<\/td>\n<td>Carton de 20 sachets<\/td>\n<td><\/td>\n<\/tr>\n<\/tbody>\n<\/table>\n<ul>\n<li><span style=\"color: #339966;\"><strong>Id\u00e9e de cuisine <\/strong><\/span><\/li>\n<\/ul>\n<div style=\"text-align: justify;\">Ses feuilles minuscules s&rsquo;utilisent fra\u00eeches ou s\u00e9ch\u00e9es. Pour assaisonner la viande, le poisson, les soupes, les sauces, les salades et les l\u00e9gumes.<\/div>\n<div style=\"text-align: justify;\">Thym Smaoui pr\u00e9sente aussi l\u2019avantage de garder tout son ar\u00f4me m\u00eame au terme de longues cuissons.<\/div>\n<div style=\"text-align: justify;\">Il marie \u00e9galement \u00e0 merveille avec le citron, la tomate (sauce tomate, tomates s\u00e9ch\u00e9es\u2026) et bon nombre d\u2019\u00e9pices.<\/div>\n<ul>\n<li><span style=\"color: #339966;\"><strong>Les atouts sant\u00e9 et nutrition<\/strong><\/span><\/li>\n<\/ul>\n<div style=\"text-align: justify;\">Thym Smaoui Riche en fibres, en vitamines et en min\u00e9raux, le thym est une herbe fine qui contribue \u00e0 l\u2019apport en antioxydants de notre alimentation et permet de lutter contre le d\u00e9veloppement des maladies cardiovasculaires, de certains cancers et de maladies li\u00e9es au vieillissement.<\/div>\n<div>\n<p><strong><u>Informations nutritionnelles pour une portion 100 g<\/u><\/strong><\/p>\n<ul>\n<li>Energie\u00a0<strong>: <\/strong>107 kcal<\/li>\n<li>Eau\u00a0: 65,1 g<\/li>\n<li>Prot\u00e9ines\u00a0: 5,56 g<\/li>\n<li>Glucides\u00a0: 10,5 g<\/li>\n<li>Lipides\u00a0: 1,68 g*<\/li>\n<li>Fibres alimentaires\u00a0: 14 g<\/li>\n<li>Calcium\u00a0: 405 mg<\/li>\n<li>Fer\u00a0: 17,5 mg<\/li>\n<li>Magn\u00e9sium\u00a0: 160 mg<\/li>\n<li>Phosphore\u00a0: 106 mg<\/li>\n<\/ul>\n<\/div>\n<ul>\n<li><span style=\"color: #339966;\"><strong>Secret de conservation\u00a0<\/strong><\/span><\/li>\n<\/ul>\n<div style=\"text-align: justify;\">Il est pr\u00e9f\u00e9rable de conserver Thym Smaoui \u00e0 l&rsquo;abri de la lumi\u00e8re, de la chaleur et de l&rsquo;humidit\u00e9, dans un r\u00e9cipient herm\u00e9tique.<\/div>\n","protected":false},"excerpt":{"rendered":"<div style=\"text-align: justify;\">Thym Smaoui l\u2019un des aromates les plus utilis\u00e9s en &#8230; <\/p>\n","protected":false},"featured_media":2262,"template":"","meta":[],"product_cat":[154],"product_tag":[],"class_list":{"0":"post-2261","1":"product","2":"type-product","3":"status-publish","4":"has-post-thumbnail","6":"product_cat-plantes_naturelles","8":"first","9":"instock","10":"shipping-taxable","11":"product-type-simple"},"_links":{"self":[{"href":"https:\/\/epices-smaoui.com\/index.php\/wp-json\/wp\/v2\/product\/2261","targetHints":{"allow":["GET"]}}],"collection":[{"href":"https:\/\/epices-smaoui.com\/index.php\/wp-json\/wp\/v2\/product"}],"about":[{"href":"https:\/\/epices-smaoui.com\/index.php\/wp-json\/wp\/v2\/types\/product"}],"wp:featuredmedia":[{"embeddable":true,"href":"https:\/\/epices-smaoui.com\/index.php\/wp-json\/wp\/v2\/media\/2262"}],"wp:attachment":[{"href":"https:\/\/epices-smaoui.com\/index.php\/wp-json\/wp\/v2\/media?parent=2261"}],"wp:term":[{"taxonomy":"product_cat","embeddable":true,"href":"https:\/\/epices-smaoui.com\/index.php\/wp-json\/wp\/v2\/product_cat?post=2261"},{"taxonomy":"product_tag","embeddable":true,"href":"https:\/\/epices-smaoui.com\/index.php\/wp-json\/wp\/v2\/product_tag?post=2261"}],"curies":[{"name":"wp","href":"https:\/\/api.w.org\/{rel}","templated":true}]}}