{"id":2259,"date":"2024-04-04T09:30:36","date_gmt":"2024-04-04T09:30:36","guid":{"rendered":"https:\/\/epices-smaoui.com\/?post_type=product&#038;p=2259"},"modified":"2024-04-04T09:33:51","modified_gmt":"2024-04-04T09:33:51","slug":"romarin","status":"publish","type":"product","link":"https:\/\/epices-smaoui.com\/index.php\/product\/romarin\/","title":{"rendered":"Romarin<span class=\"codevz-product-category-after-title\">Plantes naturelles<\/span>"},"content":{"rendered":"<p><strong>Dosage :<\/strong> 1 cuill\u00e8re \u00e0 soupe pour 4 personnes<\/p>\n<table>\n<tbody>\n<tr>\n<td>Article<\/td>\n<td>Poids par paquet<\/td>\n<td>Paquet\/ fardeau\/ carton<\/td>\n<td>Code \u00e0 barre<\/td>\n<\/tr>\n<tr>\n<td rowspan=\"2\">Romarin<\/td>\n<td>Vrac<\/td>\n<td><\/td>\n<td><\/td>\n<\/tr>\n<tr>\n<td>50 g<\/td>\n<td>Carton de 20 sachets<\/td>\n<td><\/td>\n<\/tr>\n<\/tbody>\n<\/table>\n<ul>\n<li><span style=\"color: #339966;\"><strong>Id\u00e9e de cuisine <\/strong><\/span><\/li>\n<\/ul>\n<div style=\"text-align: justify;\">L\u2019\u00e9pice incontournable pour les barbecues ! Saupoudrez le romarin Smaoui tels quel sur vos grillades, ou utilisez les sous la forme de marinades, vos grillades en seront d\u2019autant meilleures.<\/div>\n<div style=\"text-align: justify;\">Le romarin peut s&rsquo;utiliser sous de multiples formes :<\/div>\n<div>\n<ul>\n<li>En infusion :<\/li>\n<\/ul>\n<div style=\"text-align: justify;\">En d\u00e9coction (faire bouillir la substance dans de l&rsquo;eau pour en extraire les principes solubles)<\/div>\n<\/div>\n<ul>\n<li><span style=\"color: #339966;\"><strong>Les atouts sant\u00e9 et nutrition<\/strong><\/span><\/li>\n<\/ul>\n<div style=\"text-align: justify;\">Le romarin offre de multiples bienfaits pour notre sant\u00e9. Parmi lesquels :<\/div>\n<div style=\"text-align: justify;\">\n<ul>\n<li>Une\u00a0meilleure digestion\u00a0;<\/li>\n<li>Une\u00a0baisse de la fatigue et du stress\u00a0;<\/li>\n<li>Une\u00a0baisse des troubles rhumatismaux\u00a0;<\/li>\n<li>Un\u00a0soulagement des douleurs musculaires et articulaires\u2026<\/li>\n<\/ul>\n<\/div>\n<div>\n<p><strong><u>Informations nutritionnelles pour une portion 100 g<\/u><\/strong><\/p>\n<ul>\n<li>Eau 67,7 g<\/li>\n<li>Prot\u00e9ines 3,31 g<\/li>\n<li>Lipides 5,86 g<\/li>\n<li>Fibres 14,1 g<\/li>\n<li>Calcium 317 mg<\/li>\n<li>Fer 6,65 mg<\/li>\n<li>Magn\u00e9sium (Mg) 91 mg<\/li>\n<li>Phosphore (P) 66 mg<\/li>\n<li>Zinc (Zn) 0,93 mg<\/li>\n<\/ul>\n<\/div>\n<ul>\n<li><span style=\"color: #339966;\"><strong>Secret de conservation\u00a0<\/strong><\/span><\/li>\n<\/ul>\n<div style=\"text-align: justify;\">S\u00e9ch\u00e9, le romarin Smaoui se garde dans un bocal herm\u00e9tique \u00e0 l&rsquo;abri de la lumi\u00e8re.<\/div>\n","protected":false},"excerpt":{"rendered":"<div style=\"text-align: justify;\">\u00c9pices Smaoui vous offrent un romarin qui apporte une &#8230; <\/p>\n","protected":false},"featured_media":2260,"template":"","meta":[],"product_cat":[154],"product_tag":[],"class_list":{"0":"post-2259","1":"product","2":"type-product","3":"status-publish","4":"has-post-thumbnail","6":"product_cat-plantes_naturelles","8":"first","9":"instock","10":"shipping-taxable","11":"product-type-simple"},"_links":{"self":[{"href":"https:\/\/epices-smaoui.com\/index.php\/wp-json\/wp\/v2\/product\/2259","targetHints":{"allow":["GET"]}}],"collection":[{"href":"https:\/\/epices-smaoui.com\/index.php\/wp-json\/wp\/v2\/product"}],"about":[{"href":"https:\/\/epices-smaoui.com\/index.php\/wp-json\/wp\/v2\/types\/product"}],"wp:featuredmedia":[{"embeddable":true,"href":"https:\/\/epices-smaoui.com\/index.php\/wp-json\/wp\/v2\/media\/2260"}],"wp:attachment":[{"href":"https:\/\/epices-smaoui.com\/index.php\/wp-json\/wp\/v2\/media?parent=2259"}],"wp:term":[{"taxonomy":"product_cat","embeddable":true,"href":"https:\/\/epices-smaoui.com\/index.php\/wp-json\/wp\/v2\/product_cat?post=2259"},{"taxonomy":"product_tag","embeddable":true,"href":"https:\/\/epices-smaoui.com\/index.php\/wp-json\/wp\/v2\/product_tag?post=2259"}],"curies":[{"name":"wp","href":"https:\/\/api.w.org\/{rel}","templated":true}]}}