{"id":2255,"date":"2024-04-04T09:05:47","date_gmt":"2024-04-04T09:05:47","guid":{"rendered":"https:\/\/epices-smaoui.com\/?post_type=product&#038;p=2255"},"modified":"2024-04-04T09:09:29","modified_gmt":"2024-04-04T09:09:29","slug":"nigelle","status":"publish","type":"product","link":"https:\/\/epices-smaoui.com\/index.php\/product\/nigelle\/","title":{"rendered":"Nigelle<span class=\"codevz-product-category-after-title\">Plantes naturelles<\/span>"},"content":{"rendered":"<p><strong>Dosage :<\/strong> A volont\u00e9 selon votre gout<\/p>\n<table>\n<tbody>\n<tr>\n<td>Article<\/td>\n<td>Poids par paquet<\/td>\n<td>Paquet\/ fardeau\/ carton<\/td>\n<td>Code \u00e0 barre<\/td>\n<\/tr>\n<tr>\n<td rowspan=\"2\">Nigelle<\/td>\n<td>Vrac<\/td>\n<td>Carton de 20 sachets<\/td>\n<td><\/td>\n<\/tr>\n<tr>\n<td>100 g<\/td>\n<td><\/td>\n<td><\/td>\n<\/tr>\n<\/tbody>\n<\/table>\n<ul>\n<li><span style=\"color: #339966;\"><strong>Id\u00e9e d\u2019utilisation <\/strong><\/span><\/li>\n<\/ul>\n<div style=\"text-align: justify;\">La nigelle peut \u00eatre utilis\u00e9e dans n\u2019importe quel plat o\u00f9 vous aimerez apporter un l\u00e9ger go\u00fbt amer. Avec du riz, dans le pain, m\u00e9lang\u00e9 au poisson, les p\u00e2tisseries, des l\u00e9gumes ou la volaille, les graines saupoudr\u00e9es apporteront une saveur unique \u00e0 vos plats. Elles peuvent m\u00eame venir \u00e9picer vos salades de fruits ou yaourts mais \u00e9galement donner du go\u00fbt \u00e0 vos th\u00e9s ou caf\u00e9s.<\/div>\n<ul>\n<li><span style=\"color: #339966;\"><strong>Les atouts sant\u00e9 et nutrition<\/strong><\/span><\/li>\n<\/ul>\n<div style=\"text-align: justify;\">Apr\u00e8s plusieurs \u00e9tudes r\u00e9alis\u00e9es par des scientifiques depuis 1964, on a pu prouver les avantages que l\u2019on peut tirer de cette plante miraculeuse qui peut pr\u00e9venir et gu\u00e9rir diverses maladies.<\/div>\n<div style=\"text-align: justify;\">Nigelle smaoui a de nombreuses propri\u00e9t\u00e9s curatives : digestive, diur\u00e9tique, stimulante, antioxydant, galactog\u00e8ne (elle active la s\u00e9cr\u00e9tion de lait chez les femmes qui allaitent), analg\u00e9sique et antiallergique.<\/div>\n<div style=\"text-align: justify;\">Il stimule le syst\u00e8me immunitaire, fait baisser le mauvais cholest\u00e9rol et pr\u00e9vient l&rsquo;hypertension art\u00e9rielle.<\/div>\n<div style=\"text-align: justify;\">Une consommation r\u00e9guli\u00e8re de nigelle Smaoui peut r\u00e9duire le taux de sucre dans le sang et la r\u00e9sistance \u00e0 l&rsquo;insuline, ce qui en fait un rem\u00e8de efficace pour \u00e9viter les diab\u00e8tes de type 2.<\/div>\n<div style=\"text-align: justify;\">De plus il consid\u00e8re un excellent compl\u00e9ment alimentaire, d\u00e9di\u00e9 \u00e0 l&rsquo;\u00e9quilibre interne.<\/div>\n<div>\n<p><strong><u>Informations nutritionnelles pour une portion 100 g<\/u><\/strong><\/p>\n<ul>\n<li>Calories 345.00 kcal<\/li>\n<li>Prot\u00e9ines16.00 g<\/li>\n<li>Glucides 52.00 g<\/li>\n<li>Lipides 15.00 g<\/li>\n<\/ul>\n<\/div>\n<ul>\n<li><span style=\"color: #339966;\"><strong>Secret de conservation\u00a0<\/strong><\/span><\/li>\n<\/ul>\n<div style=\"text-align: justify;\">Il est pr\u00e9f\u00e9rable de conserver nigelle Smaoui \u00e0 l&rsquo;abri de la lumi\u00e8re, de la chaleur et de l&rsquo;humidit\u00e9, dans un r\u00e9cipient herm\u00e9tique. <\/div>\n","protected":false},"excerpt":{"rendered":"<div style=\"text-align: justify;\">L\u2019ar\u00f4me de grain de nigelle Smaoui est l\u00e9g\u00e8rement terreux, &#8230; <\/p>\n","protected":false},"featured_media":2256,"template":"","meta":[],"product_cat":[154],"product_tag":[],"class_list":{"0":"post-2255","1":"product","2":"type-product","3":"status-publish","4":"has-post-thumbnail","6":"product_cat-plantes_naturelles","8":"first","9":"instock","10":"shipping-taxable","11":"product-type-simple"},"_links":{"self":[{"href":"https:\/\/epices-smaoui.com\/index.php\/wp-json\/wp\/v2\/product\/2255","targetHints":{"allow":["GET"]}}],"collection":[{"href":"https:\/\/epices-smaoui.com\/index.php\/wp-json\/wp\/v2\/product"}],"about":[{"href":"https:\/\/epices-smaoui.com\/index.php\/wp-json\/wp\/v2\/types\/product"}],"wp:featuredmedia":[{"embeddable":true,"href":"https:\/\/epices-smaoui.com\/index.php\/wp-json\/wp\/v2\/media\/2256"}],"wp:attachment":[{"href":"https:\/\/epices-smaoui.com\/index.php\/wp-json\/wp\/v2\/media?parent=2255"}],"wp:term":[{"taxonomy":"product_cat","embeddable":true,"href":"https:\/\/epices-smaoui.com\/index.php\/wp-json\/wp\/v2\/product_cat?post=2255"},{"taxonomy":"product_tag","embeddable":true,"href":"https:\/\/epices-smaoui.com\/index.php\/wp-json\/wp\/v2\/product_tag?post=2255"}],"curies":[{"name":"wp","href":"https:\/\/api.w.org\/{rel}","templated":true}]}}