{"id":2253,"date":"2024-04-04T09:00:56","date_gmt":"2024-04-04T09:00:56","guid":{"rendered":"https:\/\/epices-smaoui.com\/?post_type=product&#038;p=2253"},"modified":"2024-04-04T09:04:36","modified_gmt":"2024-04-04T09:04:36","slug":"menthe-moulu","status":"publish","type":"product","link":"https:\/\/epices-smaoui.com\/index.php\/product\/menthe-moulu\/","title":{"rendered":"Menthe moulu<span class=\"codevz-product-category-after-title\">Plantes naturelles<\/span>"},"content":{"rendered":"<p><strong>Dosage :<\/strong> A volont\u00e9 selon votre gout<\/p>\n<table>\n<tbody>\n<tr>\n<td>Article<\/td>\n<td>Poids par paquet<\/td>\n<td>Paquet\/ fardeau\/ carton<\/td>\n<td>Code \u00e0 barre<\/td>\n<\/tr>\n<tr>\n<td rowspan=\"2\">Menthe moulu<\/td>\n<td>Vrac<\/td>\n<td><\/td>\n<td><\/td>\n<\/tr>\n<tr>\n<td>20 g<\/td>\n<td>20 sachets<\/td>\n<td>6194046900784<\/td>\n<\/tr>\n<\/tbody>\n<\/table>\n<ul>\n<li><span style=\"color: #339966;\"><strong>Astuces <\/strong><\/span><\/li>\n<\/ul>\n<div style=\"text-align: justify;\">La menthe s&rsquo;associe parfaitement avec les saveurs suivantes : persil, basilic, ail, coriandre, cardamome, piment&#8230;<\/div>\n<div style=\"text-align: justify;\"><strong>Conseil :<\/strong> Attention tout de m\u00eame \u00e0 ne pas sur doser car c\u2019est une plante tr\u00e8s parfum\u00e9e.<\/div>\n<ul>\n<li><span style=\"color: #339966;\"><strong>Id\u00e9es d\u2019utilisation<\/strong><\/span><\/li>\n<\/ul>\n<div style=\"text-align: justify;\">Elle parfume bien entendu les boissons , le th\u00e9 vert \u00e0 la menthe bio , mais aussi les limonades en Syrie et de nombreux cocktails (punch, diabolo et autres mojito), infusion pour le soir, tisane plaisir et sant\u00e9 bio, th\u00e9 glac\u00e9 au citron et p\u00eache\u2026<\/div>\n<div style=\"text-align: justify;\">Nous vous proposons des recettes avec menthe moulu Smaoui, afin d&rsquo;utiliser au mieux.<\/div>\n<ul>\n<li><span style=\"color: #339966;\"><strong>Les atouts sant\u00e9 et nutrition<\/strong><\/span><\/li>\n<\/ul>\n<div style=\"text-align: justify;\">La menthe moulu Smaoui particuli\u00e8rement riche en menthol, responsable de la sensation de fra\u00eecheur qu&rsquo;elle procure, est utilis\u00e9e en phytoth\u00e9rapie.<\/div>\n<div>\n<p><strong><u>Informations nutritionnelles pour une portion 100 g<\/u><\/strong><\/p>\n<ul>\n<li>Apport calorique\u00a0: 57\u00a0kcal<\/li>\n<li>Eau\u00a0: 82,10 g<\/li>\n<li>Fibres\u00a0: 7,40 g<\/li>\n<li>Fer\u00a0: 8,48 mg<\/li>\n<li>Mangan\u00e8se\u00a0: 1,15 mg<\/li>\n<li>Vitamine B9\u00a0: 110 \u00b5g<\/li>\n<\/ul>\n<\/div>\n<ul>\n<li><span style=\"color: #339966;\"><strong>Secret de conservation\u00a0<\/strong><\/span><\/li>\n<\/ul>\n<div style=\"text-align: justify;\">Il est pr\u00e9f\u00e9rable le conserver \u00e0 l&rsquo;abri de la lumi\u00e8re, de la chaleur et de l&rsquo;humidit\u00e9, dans un r\u00e9cipient herm\u00e9tique.<\/div>\n","protected":false},"excerpt":{"rendered":"<div style=\"text-align: justify;\">La menthe moulu Smaoui est l&rsquo;une de nos saveurs &#8230; <\/p>\n","protected":false},"featured_media":2254,"template":"","meta":[],"product_cat":[154],"product_tag":[],"class_list":{"0":"post-2253","1":"product","2":"type-product","3":"status-publish","4":"has-post-thumbnail","6":"product_cat-plantes_naturelles","8":"first","9":"instock","10":"shipping-taxable","11":"product-type-simple"},"_links":{"self":[{"href":"https:\/\/epices-smaoui.com\/index.php\/wp-json\/wp\/v2\/product\/2253","targetHints":{"allow":["GET"]}}],"collection":[{"href":"https:\/\/epices-smaoui.com\/index.php\/wp-json\/wp\/v2\/product"}],"about":[{"href":"https:\/\/epices-smaoui.com\/index.php\/wp-json\/wp\/v2\/types\/product"}],"wp:featuredmedia":[{"embeddable":true,"href":"https:\/\/epices-smaoui.com\/index.php\/wp-json\/wp\/v2\/media\/2254"}],"wp:attachment":[{"href":"https:\/\/epices-smaoui.com\/index.php\/wp-json\/wp\/v2\/media?parent=2253"}],"wp:term":[{"taxonomy":"product_cat","embeddable":true,"href":"https:\/\/epices-smaoui.com\/index.php\/wp-json\/wp\/v2\/product_cat?post=2253"},{"taxonomy":"product_tag","embeddable":true,"href":"https:\/\/epices-smaoui.com\/index.php\/wp-json\/wp\/v2\/product_tag?post=2253"}],"curies":[{"name":"wp","href":"https:\/\/api.w.org\/{rel}","templated":true}]}}