{"id":2251,"date":"2024-04-04T08:56:48","date_gmt":"2024-04-04T08:56:48","guid":{"rendered":"https:\/\/epices-smaoui.com\/?post_type=product&#038;p=2251"},"modified":"2024-04-04T08:59:05","modified_gmt":"2024-04-04T08:59:05","slug":"menthe-en-feuille","status":"publish","type":"product","link":"https:\/\/epices-smaoui.com\/index.php\/product\/menthe-en-feuille\/","title":{"rendered":"Menthe en feuille<span class=\"codevz-product-category-after-title\">Plantes naturelles<\/span>"},"content":{"rendered":"<p><strong>Dosage :<\/strong> A volont\u00e9 selon votre gout <\/p>\n<table>\n<tbody>\n<tr>\n<td>Article<\/td>\n<td>Poids par paquet<\/td>\n<td>Paquet\/ fardeau\/ carton<\/td>\n<td>Code \u00e0 barre<\/td>\n<\/tr>\n<tr>\n<td>Menthe s\u00e9ch\u00e9 <\/td>\n<td>10 g <\/td>\n<td>20 sachets <\/td>\n<td>6194046901125<\/td>\n<\/tr>\n<\/tbody>\n<\/table>\n<ul>\n<li><span style=\"color: #339966;\"><strong>Astuce du chef <\/strong><\/span><\/li>\n<\/ul>\n<div style=\"text-align: justify;\">Elle sera utilis\u00e9e comme le poivre, le sel, ou m\u00eame le sumac, simplement saupoudr\u00e9e au-dessus d\u2019un plat pour en parfaire l\u2019assaisonnement.<\/div>\n<div style=\"text-align: justify;\">Ainsi n\u2019h\u00e9sitez pas \u00e0 en mettre dans la salade fatouche (salade libanaise), ou pour assaisonner un m\u00e9lange de tomate, concombre, oignon, et poivrons d\u00e9licatement hach\u00e9s puis relev\u00e9s d\u2019un peu d\u2019huile d\u2019olive, paprika, menthe s\u00e8che, sel, poivre, vinaigre, et enfin de concentr\u00e9 de poivrons.<\/div>\n<div style=\"text-align: justify;\">Ce dernier est un r\u00e9gal, v\u00e9g\u00e9tarien, sain et plein de gout <\/div>\n<ul>\n<li><span style=\"color: #339966;\"><strong>Secret de conservation\u00a0<\/strong><\/span><\/li>\n<\/ul>\n<div style=\"text-align: justify;\">Il est pr\u00e9f\u00e9rable le conserver \u00e0 l&rsquo;abri de la lumi\u00e8re, de la chaleur et de l&rsquo;humidit\u00e9.<\/div>\n","protected":false},"excerpt":{"rendered":"<div style=\"text-align: justify;\">Certes la menthe fraiche d\u00e9veloppe plus de gout, mais &#8230; <\/p>\n","protected":false},"featured_media":2252,"template":"","meta":[],"product_cat":[154],"product_tag":[],"class_list":{"0":"post-2251","1":"product","2":"type-product","3":"status-publish","4":"has-post-thumbnail","6":"product_cat-plantes_naturelles","8":"first","9":"instock","10":"shipping-taxable","11":"product-type-simple"},"_links":{"self":[{"href":"https:\/\/epices-smaoui.com\/index.php\/wp-json\/wp\/v2\/product\/2251","targetHints":{"allow":["GET"]}}],"collection":[{"href":"https:\/\/epices-smaoui.com\/index.php\/wp-json\/wp\/v2\/product"}],"about":[{"href":"https:\/\/epices-smaoui.com\/index.php\/wp-json\/wp\/v2\/types\/product"}],"wp:featuredmedia":[{"embeddable":true,"href":"https:\/\/epices-smaoui.com\/index.php\/wp-json\/wp\/v2\/media\/2252"}],"wp:attachment":[{"href":"https:\/\/epices-smaoui.com\/index.php\/wp-json\/wp\/v2\/media?parent=2251"}],"wp:term":[{"taxonomy":"product_cat","embeddable":true,"href":"https:\/\/epices-smaoui.com\/index.php\/wp-json\/wp\/v2\/product_cat?post=2251"},{"taxonomy":"product_tag","embeddable":true,"href":"https:\/\/epices-smaoui.com\/index.php\/wp-json\/wp\/v2\/product_tag?post=2251"}],"curies":[{"name":"wp","href":"https:\/\/api.w.org\/{rel}","templated":true}]}}