{"id":2247,"date":"2024-04-04T08:47:56","date_gmt":"2024-04-04T08:47:56","guid":{"rendered":"https:\/\/epices-smaoui.com\/?post_type=product&#038;p=2247"},"modified":"2024-04-04T08:51:07","modified_gmt":"2024-04-04T08:51:07","slug":"melange-pizza","status":"publish","type":"product","link":"https:\/\/epices-smaoui.com\/index.php\/product\/melange-pizza\/","title":{"rendered":"M\u00e9lange pizza<span class=\"codevz-product-category-after-title\">Plantes naturelles<\/span>"},"content":{"rendered":"<p><strong>Composition :<\/strong> origan, romarin, basilic, laurier, thym<br \/>\n<strong>Dosage :<\/strong> 1 \u00e0 2 cuill\u00e8re \u00e0 caf\u00e9 pour 1 pizza<\/p>\n<table>\n<tbody>\n<tr>\n<td>Article<\/td>\n<td>Poids par paquet<\/td>\n<td>Paquet\/ fardeau\/ carton<\/td>\n<td>Code \u00e0 barre<\/td>\n<\/tr>\n<tr>\n<td>M\u00e9lange pizza <\/td>\n<td>50 g  <\/td>\n<td>Carton de 20 sachets <\/td>\n<td><\/td>\n<\/tr>\n<\/tbody>\n<\/table>\n<ul>\n<li><span style=\"color: #339966;\"><strong>Id\u00e9e de cuisine <\/strong><\/span><\/li>\n<\/ul>\n<div style=\"text-align: justify;\">Peut servir \u00e0 parfumer l\u2019huile d\u2019olive, toute la cuisine \u00e0 base tomate  et des l\u00e9gumes d\u2019\u00e9t\u00e9.<\/div>\n<div style=\"text-align: justify;\">\u00c0 ajouter en fin de cuisson pour pr\u00e9server les ar\u00f4mes.<\/div>\n<div style=\"text-align: justify;\">Nous vous proposons des recettes avec m\u00e9lange pizza Smaoui, afin d&rsquo;utiliser au mieux cecondiment.<\/div>\n<ul>\n<li><span style=\"color: #339966;\"><strong>Les atouts sant\u00e9 et nutrition<\/strong><\/span><\/li>\n<\/ul>\n<div style=\"text-align: justify;\">Ce m\u00e9lange poss\u00e8de de nombreuses propri\u00e9t\u00e9s dues aux herbes qui le composent.<\/div>\n<div style=\"text-align: justify;\">Pour connaitre les propri\u00e9t\u00e9s du m\u00e9lange, r\u00e9f\u00e9rez-vous aux propri\u00e9t\u00e9s des herbes qui le composent.<\/div>\n<ul>\n<li><span style=\"color: #339966;\"><strong>Secret de conservation\u00a0<\/strong><\/span><\/li>\n<\/ul>\n<div style=\"text-align: justify;\">Il est pr\u00e9f\u00e9rable le conserver \u00e0 l&rsquo;abri de la lumi\u00e8re, de la chaleur et de l&rsquo;humidit\u00e9, dans un r\u00e9cipient herm\u00e9tique.<\/div>\n","protected":false},"excerpt":{"rendered":"<div style=\"text-align: justify;\">Cet aromate pr\u00e9par\u00e9 par \u00c9pices Smaoui pour r\u00e9veiller vos &#8230; <\/p>\n","protected":false},"featured_media":2248,"template":"","meta":[],"product_cat":[154],"product_tag":[],"class_list":{"0":"post-2247","1":"product","2":"type-product","3":"status-publish","4":"has-post-thumbnail","6":"product_cat-plantes_naturelles","8":"first","9":"instock","10":"shipping-taxable","11":"product-type-simple"},"_links":{"self":[{"href":"https:\/\/epices-smaoui.com\/index.php\/wp-json\/wp\/v2\/product\/2247","targetHints":{"allow":["GET"]}}],"collection":[{"href":"https:\/\/epices-smaoui.com\/index.php\/wp-json\/wp\/v2\/product"}],"about":[{"href":"https:\/\/epices-smaoui.com\/index.php\/wp-json\/wp\/v2\/types\/product"}],"wp:featuredmedia":[{"embeddable":true,"href":"https:\/\/epices-smaoui.com\/index.php\/wp-json\/wp\/v2\/media\/2248"}],"wp:attachment":[{"href":"https:\/\/epices-smaoui.com\/index.php\/wp-json\/wp\/v2\/media?parent=2247"}],"wp:term":[{"taxonomy":"product_cat","embeddable":true,"href":"https:\/\/epices-smaoui.com\/index.php\/wp-json\/wp\/v2\/product_cat?post=2247"},{"taxonomy":"product_tag","embeddable":true,"href":"https:\/\/epices-smaoui.com\/index.php\/wp-json\/wp\/v2\/product_tag?post=2247"}],"curies":[{"name":"wp","href":"https:\/\/api.w.org\/{rel}","templated":true}]}}