{"id":2245,"date":"2024-04-04T08:41:15","date_gmt":"2024-04-04T08:41:15","guid":{"rendered":"https:\/\/epices-smaoui.com\/?post_type=product&#038;p=2245"},"modified":"2024-04-04T08:45:56","modified_gmt":"2024-04-04T08:45:56","slug":"laurier","status":"publish","type":"product","link":"https:\/\/epices-smaoui.com\/index.php\/product\/laurier\/","title":{"rendered":"Laurier<span class=\"codevz-product-category-after-title\">Plantes naturelles<\/span>"},"content":{"rendered":"<p><strong>Dosage :<\/strong> 2 feuilles pour 4 personnes.<\/p>\n<table>\n<tbody>\n<tr>\n<td>Article<\/td>\n<td>Poids par paquet<\/td>\n<td>Paquet\/ fardeau\/ carton<\/td>\n<td>Code \u00e0 barre<\/td>\n<\/tr>\n<tr>\n<td rowspan=\"2\">Laurier<\/td>\n<td>Vrac<\/td>\n<td><\/td>\n<td><\/td>\n<\/tr>\n<tr>\n<td>10 g<\/td>\n<td>20 sachets<\/td>\n<td>6194046900616<\/td>\n<\/tr>\n<\/tbody>\n<\/table>\n<ul>\n<li><span style=\"color: #339966;\"><strong>Id\u00e9e de cuisine <\/strong><\/span><\/li>\n<\/ul>\n<div style=\"text-align: justify;\">On peut en mettre une feuille dans une bouteille d&rsquo;huile d&rsquo;olive afin de l\u2019aromatiser. Le laurier peut \u00eatre utilis\u00e9 pour parfumer l&rsquo;eau de cuisson des p\u00e2tes ou du riz. Il suffit d&rsquo;en mettre une feuille ou deux dans l&rsquo;eau bouillante et de laisser infuser le temps de la cuisson<\/div>\n<div style=\"text-align: justify;\">Nous vous proposons des recettes avec laurier Smaoui, afin d&rsquo;utiliser au mieux ce condamnent.<\/div>\n<ul>\n<li><span style=\"color: #339966;\"><strong>Les atouts sant\u00e9 et nutrition<\/strong><\/span><\/li>\n<\/ul>\n<div style=\"text-align: justify;\">Laurier Smaoui est un condamnent riche, il traite les flatulences ou la digestion difficile et r\u00e9gule la s\u00e9cr\u00e9tion de bile ; apaise l&rsquo;\u00e9tat grippal, les bronchites, les affections des voies respiratoires ; calme les rhumatismes, les douleurs articulaires et les infections dentaires.<\/div>\n<p><strong><u>Valeur nutritionnelle du laurier pour une portion 100 g<\/u><\/strong><\/p>\n<ul>\n<li>Protides\u00a0: 7,61 g<\/li>\n<li>Glucides\u00a0: 74,97 g<\/li>\n<li>Lipides\u00a0: 8,36 g<\/li>\n<li>Calories : 314 kcal<\/li>\n<\/ul>\n<p>&nbsp;<\/p>\n<ul>\n<li><span style=\"color: #339966;\"><strong>Secret de conservation\u00a0<\/strong><\/span><\/li>\n<\/ul>\n<div style=\"text-align: justify;\">Conservez-l \u2018assez longtemps, dans un bocal herm\u00e9tique \u00e0 l&rsquo;abri de la lumi\u00e8re, afin qu&rsquo;il conserve au mieux son ar\u00f4me volatil.<\/div>\n","protected":false},"excerpt":{"rendered":"<div style=\"text-align: justify;\">Les feuilles de laurier s\u00e9lectionn\u00e9es par Epices Smaoui sont &#8230; <\/p>\n","protected":false},"featured_media":2246,"template":"","meta":[],"product_cat":[154],"product_tag":[],"class_list":{"0":"post-2245","1":"product","2":"type-product","3":"status-publish","4":"has-post-thumbnail","6":"product_cat-plantes_naturelles","8":"first","9":"instock","10":"shipping-taxable","11":"product-type-simple"},"_links":{"self":[{"href":"https:\/\/epices-smaoui.com\/index.php\/wp-json\/wp\/v2\/product\/2245","targetHints":{"allow":["GET"]}}],"collection":[{"href":"https:\/\/epices-smaoui.com\/index.php\/wp-json\/wp\/v2\/product"}],"about":[{"href":"https:\/\/epices-smaoui.com\/index.php\/wp-json\/wp\/v2\/types\/product"}],"wp:featuredmedia":[{"embeddable":true,"href":"https:\/\/epices-smaoui.com\/index.php\/wp-json\/wp\/v2\/media\/2246"}],"wp:attachment":[{"href":"https:\/\/epices-smaoui.com\/index.php\/wp-json\/wp\/v2\/media?parent=2245"}],"wp:term":[{"taxonomy":"product_cat","embeddable":true,"href":"https:\/\/epices-smaoui.com\/index.php\/wp-json\/wp\/v2\/product_cat?post=2245"},{"taxonomy":"product_tag","embeddable":true,"href":"https:\/\/epices-smaoui.com\/index.php\/wp-json\/wp\/v2\/product_tag?post=2245"}],"curies":[{"name":"wp","href":"https:\/\/api.w.org\/{rel}","templated":true}]}}