{"id":2243,"date":"2024-04-04T08:35:47","date_gmt":"2024-04-04T08:35:47","guid":{"rendered":"https:\/\/epices-smaoui.com\/?post_type=product&#038;p=2243"},"modified":"2024-04-04T08:38:40","modified_gmt":"2024-04-04T08:38:40","slug":"gingembre","status":"publish","type":"product","link":"https:\/\/epices-smaoui.com\/index.php\/product\/gingembre\/","title":{"rendered":"Gingembre<span class=\"codevz-product-category-after-title\">Plantes naturelles<\/span>"},"content":{"rendered":"<p><strong>Dosage :<\/strong> 1\/2 cuill\u00e8re \u00e0 caf\u00e9 pour 4 personnes<\/p>\n<table>\n<tbody>\n<tr>\n<td>Article<\/td>\n<td>Poids par paquet<\/td>\n<td>Paquet\/ fardeau\/ carton<\/td>\n<td>Code \u00e0 barre<\/td>\n<\/tr>\n<tr>\n<td rowspan=\"2\">Gingembre moulu<\/td>\n<td>Vrac<\/td>\n<td><\/td>\n<td><\/td>\n<\/tr>\n<tr>\n<td>40 g<\/td>\n<td>20 sachets<\/td>\n<td>6194046901460<\/td>\n<\/tr>\n<\/tbody>\n<\/table>\n<ul>\n<li><span style=\"color: #339966;\"><strong>Id\u00e9e de cuisine <\/strong><\/span><\/li>\n<\/ul>\n<div style=\"text-align: justify;\">Si on aime le go\u00fbt du gingembre, il ne faut pas h\u00e9siter \u00e0 en saupoudrer partout : viandes, l\u00e9gumes, poissons, salades, bouillons\u2026 Son usage s&rsquo;\u00e9tend \u00e0 tous les plats, de l&rsquo;entr\u00e9e au dessert, c&rsquo;est un v\u00e9ritable passe-partout !<\/div>\n<div style=\"text-align: justify;\">Ajoutez-en dans vos tajines de poulet, de lapin ou d&rsquo;agneau. Le gingembre parfumera absolument toutes les viandes. Le gingembre fait merveille dans les produits de la mer : les crustac\u00e9s avec les gambas, langoustines, crevettes, mais aussi dans tous les poissons.<\/div>\n<ul>\n<li><span style=\"color: #339966;\"><strong>Les atouts sant\u00e9 et nutrition<\/strong><\/span><\/li>\n<\/ul>\n<div style=\"text-align: justify;\">Avec sa saveur marqu\u00e9e et cors\u00e9e, le gingembre regorge de bienfaits ! Il stimule l&rsquo;organisme et donne un coup de fouet en cas de fatigue. Il dispose de vertus digestives et antispasmodiques.<\/div>\n<div style=\"text-align: justify;\">On le pr\u00e9conise \u00e9norm\u00e9ment pour tous les probl\u00e8mes li\u00e9s \u00e0 la digestion, les naus\u00e9es, le mal des transports. Et pour ceux qui se posent la question : oui le gingembre est reconnu comme aphrodisiaque !<\/div>\n<div>\n<p><strong><u>Informations nutritionnelles pour une portion 100 g<\/u><\/strong><\/p>\n<ul>\n<li>Eau\u00a0: 78,89<\/li>\n<li>Prot\u00e9ines\u00a0: 1,82<\/li>\n<li>Mati\u00e8res grasses (lipides)\u00a0: 0,75<\/li>\n<li>Glucides\u00a0: 17,77<\/li>\n<li>Fibres\u00a0: 2,0<\/li>\n<li>Calories\u00a0: 80<\/li>\n<li>Vitamines\u00a0: Fol acine, Fol\u00e2tres, Choline, Calcium, Magn\u00e9sium, Potassium<\/li>\n<\/ul>\n<\/div>\n<ul>\n<li><span style=\"color: #339966;\"><strong>Secret de conservation\u00a0<\/strong><\/span><\/li>\n<\/ul>\n<div style=\"text-align: justify;\">A conserver \u00e0 l&rsquo;abri de la lumi\u00e8re, de la chaleur et de l&rsquo;humidit\u00e9, dans un r\u00e9cipient herm\u00e9tique.<\/div>\n","protected":false},"excerpt":{"rendered":"<div style=\"text-align: justify;\">Epices Smaoui vous offrent un gingembre moulu100% naturel, sans &#8230; <\/p>\n","protected":false},"featured_media":2244,"template":"","meta":[],"product_cat":[154],"product_tag":[],"class_list":{"0":"post-2243","1":"product","2":"type-product","3":"status-publish","4":"has-post-thumbnail","6":"product_cat-plantes_naturelles","8":"first","9":"instock","10":"shipping-taxable","11":"product-type-simple"},"_links":{"self":[{"href":"https:\/\/epices-smaoui.com\/index.php\/wp-json\/wp\/v2\/product\/2243","targetHints":{"allow":["GET"]}}],"collection":[{"href":"https:\/\/epices-smaoui.com\/index.php\/wp-json\/wp\/v2\/product"}],"about":[{"href":"https:\/\/epices-smaoui.com\/index.php\/wp-json\/wp\/v2\/types\/product"}],"wp:featuredmedia":[{"embeddable":true,"href":"https:\/\/epices-smaoui.com\/index.php\/wp-json\/wp\/v2\/media\/2244"}],"wp:attachment":[{"href":"https:\/\/epices-smaoui.com\/index.php\/wp-json\/wp\/v2\/media?parent=2243"}],"wp:term":[{"taxonomy":"product_cat","embeddable":true,"href":"https:\/\/epices-smaoui.com\/index.php\/wp-json\/wp\/v2\/product_cat?post=2243"},{"taxonomy":"product_tag","embeddable":true,"href":"https:\/\/epices-smaoui.com\/index.php\/wp-json\/wp\/v2\/product_tag?post=2243"}],"curies":[{"name":"wp","href":"https:\/\/api.w.org\/{rel}","templated":true}]}}