{"id":2239,"date":"2024-04-04T08:24:37","date_gmt":"2024-04-04T08:24:37","guid":{"rendered":"https:\/\/epices-smaoui.com\/?post_type=product&#038;p=2239"},"modified":"2024-04-04T08:28:58","modified_gmt":"2024-04-04T08:28:58","slug":"fenouil","status":"publish","type":"product","link":"https:\/\/epices-smaoui.com\/index.php\/product\/fenouil\/","title":{"rendered":"Fenouil<span class=\"codevz-product-category-after-title\">Plantes naturelles<\/span>"},"content":{"rendered":"<p><strong>Dosage :<\/strong> 1 cuill\u00e8re \u00e0 caf\u00e9 pour 4 personnes<\/p>\n<table>\n<tbody>\n<tr>\n<td>Article<\/td>\n<td>Poids par paquet<\/td>\n<td>Paquet\/ fardeau\/ carton<\/td>\n<td>Code \u00e0 barre<\/td>\n<\/tr>\n<tr>\n<td rowspan=\"2\">Les graines de fenouil<\/td>\n<td>___<\/td>\n<td><\/td>\n<td><\/td>\n<\/tr>\n<tr>\n<td>100 g<\/td>\n<td>20 sachets<\/td>\n<td>6194046900401<\/td>\n<\/tr>\n<\/tbody>\n<\/table>\n<ul>\n<li><span style=\"color: #339966;\"><strong>Id\u00e9es de cuisine <\/strong><\/span><\/li>\n<\/ul>\n<div style=\"text-align: justify;\">Le fenouil en graines accompagne \u00e0 merveille le poisson, les crustac\u00e9s, rehausse les sauces ap\u00e9ritives, ainsi que les viandes blanches mijot\u00e9es en cocotte.<\/div>\n<ul>\n<li><span style=\"color: #339966;\"><strong>Astuce <\/strong><\/span><\/li>\n<\/ul>\n<div style=\"text-align: justify;\">Les graines de fenouil Smaoui ont ajout\u00e9 enti\u00e8res en d\u00e9but de cuisson.<\/div>\n<div style=\"text-align: justify;\">Vous pouvez les broyer l\u00e9g\u00e8rement pour exhaler les ar\u00f4mes.<\/div>\n<div style=\"text-align: justify;\">Les rep\u00e8res de cuisson :<\/div>\n<div>\n<ul>\n<li>10 minutes : \u00e0 la po\u00eale ou au wok<\/li>\n<li>15 minutes : \u00e0 la vapeur, \u00e0 l\u2019autocuiseur<\/li>\n<li>20 minutes : \u00e0 l\u2019eau bouillante<\/li>\n<\/ul>\n<\/div>\n<div style=\"text-align: justify;\">Ils entrent aussi dans la composition d&rsquo;huiles aromatiques pour faire mariner les fromages de ch\u00e8vre.<\/div>\n<ul>\n<li><span style=\"color: #339966;\"><strong>Les atouts sant\u00e9 et nutrition<\/strong><\/span><\/li>\n<\/ul>\n<div style=\"text-align: justify;\">Le fenouil est principalement connu pour ses vertus digestives, il aide \u00e0 la digestion en luttant contre les reflux et les coliques.<\/div>\n<div>\n<p><strong><u>Informations nutritionnelles pour une portion 100 g<\/u><\/strong><\/p>\n<ul>\n<li>\u00c9nergie (kcal)\u00a0: 31 kcal<\/li>\n<li>Prot\u00e9ines\u00a0: 1,24 g<\/li>\n<li>Lipides\u00a0: 0,2 g<\/li>\n<li>Glucides\u00a0: 7,29 g<\/li>\n<li>Fibres\u00a0: 3,1 g<\/li>\n<li>Eau\u00a0: 90,21 g<\/li>\n<\/ul>\n<\/div>\n<ul>\n<li><span style=\"color: #339966;\"><strong>Secret de conservation\u00a0<\/strong><\/span><\/li>\n<\/ul>\n<div style=\"text-align: justify;\">Pour maximiser la dur\u00e9e de conservation du fenouil, conservez-le au r\u00e9frig\u00e9rateur dans un sac plastique et lavez-le seulement avant de le manger ou de l\u2019utiliser. On peut le conserver au r\u00e9frig\u00e9rateur pendant 7 \u00e0 10 jours.<\/div>\n","protected":false},"excerpt":{"rendered":"<div style=\"text-align: justify;\">Les graines de fenouil Smaoui poss\u00e8dent une saveur tr\u00e8s &#8230; <\/p>\n","protected":false},"featured_media":2240,"template":"","meta":[],"product_cat":[154],"product_tag":[],"class_list":{"0":"post-2239","1":"product","2":"type-product","3":"status-publish","4":"has-post-thumbnail","6":"product_cat-plantes_naturelles","8":"first","9":"instock","10":"shipping-taxable","11":"product-type-simple"},"_links":{"self":[{"href":"https:\/\/epices-smaoui.com\/index.php\/wp-json\/wp\/v2\/product\/2239","targetHints":{"allow":["GET"]}}],"collection":[{"href":"https:\/\/epices-smaoui.com\/index.php\/wp-json\/wp\/v2\/product"}],"about":[{"href":"https:\/\/epices-smaoui.com\/index.php\/wp-json\/wp\/v2\/types\/product"}],"wp:featuredmedia":[{"embeddable":true,"href":"https:\/\/epices-smaoui.com\/index.php\/wp-json\/wp\/v2\/media\/2240"}],"wp:attachment":[{"href":"https:\/\/epices-smaoui.com\/index.php\/wp-json\/wp\/v2\/media?parent=2239"}],"wp:term":[{"taxonomy":"product_cat","embeddable":true,"href":"https:\/\/epices-smaoui.com\/index.php\/wp-json\/wp\/v2\/product_cat?post=2239"},{"taxonomy":"product_tag","embeddable":true,"href":"https:\/\/epices-smaoui.com\/index.php\/wp-json\/wp\/v2\/product_tag?post=2239"}],"curies":[{"name":"wp","href":"https:\/\/api.w.org\/{rel}","templated":true}]}}