{"id":2237,"date":"2024-04-04T08:17:46","date_gmt":"2024-04-04T08:17:46","guid":{"rendered":"https:\/\/epices-smaoui.com\/?post_type=product&#038;p=2237"},"modified":"2024-04-04T08:23:07","modified_gmt":"2024-04-04T08:23:07","slug":"cannelle","status":"publish","type":"product","link":"https:\/\/epices-smaoui.com\/index.php\/product\/cannelle\/","title":{"rendered":"Cannelle<span class=\"codevz-product-category-after-title\">Plantes naturelles<\/span>"},"content":{"rendered":"<p><strong>Dosage :<\/strong> 2 b\u00e2tons de cannelle Smaoui pour 1 kg ou 1 l.<\/p>\n<table>\n<tbody>\n<tr>\n<td>Article<\/td>\n<td>Poids par paquet<\/td>\n<td>Paquet\/ fardeau\/ carton<\/td>\n<td>Code \u00e0 barre<\/td>\n<\/tr>\n<tr>\n<td>Cannelle en b\u00e2ton<\/td>\n<td>50 g<\/td>\n<td>20 sachets<\/td>\n<td>6194046901477<\/td>\n<\/tr>\n<\/tbody>\n<\/table>\n<ul>\n<li><span style=\"color: #339966;\"><strong>Id\u00e9es de cuisine <\/strong><\/span><\/li>\n<\/ul>\n<div style=\"text-align: justify;\">Cuisine sucr\u00e9e<\/div>\n<div>\n<ul>\n<li>Dans vos salades de fruits : fruits rouges, fruits exotiques, fruits divers de saison&#8230;<\/li>\n<li>Pour faire des compotes : pomme, poire, prune&#8230;<\/li>\n<li>Pour faire des confitures : fraise, pomme, orange&#8230;<\/li>\n<li>Dans du lait ou de la cr\u00e8me pour faire une cr\u00e8me dessert,<\/li>\n<li>Et aussi dans les chutneys ! De figue, mangue, pomme, abricot&#8230;<\/li>\n<\/ul>\n<\/div>\n<div style=\"text-align: justify;\">Cuisine sal\u00e9e :<\/div>\n<div>\n<ul>\n<li>Tajines<\/li>\n<li>Magret de canard<\/li>\n<li>Marmite de l\u00e9gumes d&rsquo;hiver<\/li>\n<li>En cuisine vos plats mijot\u00e9s en cocote, au four ou plat \u00e0 tajine<\/li>\n<\/ul>\n<\/div>\n<ul>\n<li><span style=\"color: #339966;\"><strong>Astuces <\/strong><\/span><\/li>\n<\/ul>\n<div style=\"text-align: justify;\">La cannelle Smaoui poss\u00e8de des ar\u00f4mes tr\u00e8s doux et chauds. Elle est tr\u00e8s pratique et facile \u00e0 utiliser en mijotage et infusion.<\/div>\n<div style=\"text-align: justify;\">Ajoutez 1 ou 2 b\u00e2tons de cannelle Smaoui dans une carafe de th\u00e9, dans du lait pour faire une cr\u00e8me dessert, pour pr\u00e9parer un tajine, mijot\u00e9&#8230;<\/div>\n<ul>\n<li><span style=\"color: #339966;\"><strong>Les atouts sant\u00e9 et nutrition<\/strong><\/span><\/li>\n<\/ul>\n<div style=\"text-align: justify;\">La cannelle Smaoui faisant partie du top 50 des aliments contenant le plus d&rsquo;antioxydants, elle est riche en bienfaits, elle donne la p\u00eache et aide \u00e0 r\u00e9gulariser la faim !<\/div>\n<div style=\"text-align: justify;\">Ils aident \u00e0 resserrer les tissus et prot\u00e8gent mieux votre organisme des parasites.<\/div>\n<div style=\"text-align: justify;\">Appr\u00e9ci\u00e9 des enfants, elle est ainsi facile d&rsquo;en ajouter au quotidien dans vos pr\u00e9parations.<\/div>\n<div style=\"text-align: justify;\">La cannelle Smaouie st en effet excellente pour le syst\u00e8me immunitaire<br \/>\nEnfin, elle a \u00e9t\u00e9 test\u00e9e pour sa capacit\u00e9 \u00e0 am\u00e9liorer la m\u00e9moire<\/div>\n<div>\n<p><strong><u>Informations nutritionnelles pour une portion 100 g<\/u><\/strong><\/p>\n<ul>\n<li>Prot\u00e9ines 4g<\/li>\n<li>Glucides 36.6g<\/li>\n<li>Lipides\u00a0: 1.9 g<\/li>\n<li>Eau\u00a0: 10.4 g<\/li>\n<\/ul>\n<\/div>\n<ul>\n<li><span style=\"color: #339966;\"><strong>Secret de conservation\u00a0<\/strong><\/span><\/li>\n<\/ul>\n<div style=\"text-align: justify;\">Conserv\u00e9s dans de bonnes conditions, les b\u00e2tons de cannelle Smaoui conservent g\u00e9n\u00e9ralement une qualit\u00e9 optimale pendant 3 \u00e0 4 ans environ \u00e0 temp\u00e9rature ambiante.<\/div>\n<div style=\"text-align: justify;\">Pour maximiser la dur\u00e9e de conservation des b\u00e2tons de cannelle Smaoui, et pour pr\u00e9server leur saveur et leur ar\u00f4me, stockez-les dans un r\u00e9cipient herm\u00e9tique\u00e0 l&rsquo;abris de l&rsquo;air, de l&rsquo;humidit\u00e9 et de la lumi\u00e8re.<\/div>\n","protected":false},"excerpt":{"rendered":"<div style=\"text-align: justify;\">La cannelle en b\u00e2ton Smaoui est une \u00e9pice pas &#8230; <\/p>\n","protected":false},"featured_media":2238,"template":"","meta":[],"product_cat":[154],"product_tag":[],"class_list":{"0":"post-2237","1":"product","2":"type-product","3":"status-publish","4":"has-post-thumbnail","6":"product_cat-plantes_naturelles","8":"first","9":"instock","10":"shipping-taxable","11":"product-type-simple"},"_links":{"self":[{"href":"https:\/\/epices-smaoui.com\/index.php\/wp-json\/wp\/v2\/product\/2237","targetHints":{"allow":["GET"]}}],"collection":[{"href":"https:\/\/epices-smaoui.com\/index.php\/wp-json\/wp\/v2\/product"}],"about":[{"href":"https:\/\/epices-smaoui.com\/index.php\/wp-json\/wp\/v2\/types\/product"}],"wp:featuredmedia":[{"embeddable":true,"href":"https:\/\/epices-smaoui.com\/index.php\/wp-json\/wp\/v2\/media\/2238"}],"wp:attachment":[{"href":"https:\/\/epices-smaoui.com\/index.php\/wp-json\/wp\/v2\/media?parent=2237"}],"wp:term":[{"taxonomy":"product_cat","embeddable":true,"href":"https:\/\/epices-smaoui.com\/index.php\/wp-json\/wp\/v2\/product_cat?post=2237"},{"taxonomy":"product_tag","embeddable":true,"href":"https:\/\/epices-smaoui.com\/index.php\/wp-json\/wp\/v2\/product_tag?post=2237"}],"curies":[{"name":"wp","href":"https:\/\/api.w.org\/{rel}","templated":true}]}}