{"id":2235,"date":"2024-04-04T08:12:00","date_gmt":"2024-04-04T08:12:00","guid":{"rendered":"https:\/\/epices-smaoui.com\/?post_type=product&#038;p=2235"},"modified":"2024-04-04T08:15:18","modified_gmt":"2024-04-04T08:15:18","slug":"basilic","status":"publish","type":"product","link":"https:\/\/epices-smaoui.com\/index.php\/product\/basilic\/","title":{"rendered":"Basilic<span class=\"codevz-product-category-after-title\">Plantes naturelles<\/span>"},"content":{"rendered":"<p><strong>Dosage :<\/strong> 2 cuill\u00e8re \u00e0 soupe pour 4 personnes<\/p>\n<table>\n<tbody>\n<tr>\n<td>Article<\/td>\n<td>Poids par paquet<\/td>\n<td>Paquet\/ fardeau\/ carton<\/td>\n<td>Code \u00e0 barre<\/td>\n<\/tr>\n<tr>\n<td>Basilic<\/td>\n<td>30 g<\/td>\n<td>20 sachets<\/td>\n<td>6194046901552<\/td>\n<\/tr>\n<\/tbody>\n<\/table>\n<ul>\n<li><span style=\"color: #339966;\"><strong>Id\u00e9es de cuisine <\/strong><\/span><\/li>\n<\/ul>\n<div style=\"text-align: justify;\">\n<p>Le basilic se marie tr\u00e8s bien \u00e0 tous les produits et les l\u00e9gumes du soleil.<\/p>\n<\/div>\n<div style=\"text-align: justify;\">Il fait son boulot dans l\u2019accompagnement des viandes, que ce soit le poulet, l\u2019agneau, la dinde, le lapin.<\/div>\n<div style=\"text-align: justify;\">Il est employ\u00e9 dans les sauces, particuli\u00e8rement les sauces \u00e0 base d\u2019huile d\u2019olive<\/div>\n<div style=\"text-align: justify;\"><strong>Conseil :<\/strong> Prenez garde \u00e0 ne pas le faire cuire, ou alors tr\u00e8s peu car il perd en saveur pendant la cuisson. Il est pr\u00e9f\u00e9rable de l\u2019ajouter en fin de recette<\/div>\n<ul>\n<li><span style=\"color: #339966;\"><strong>Les atouts sant\u00e9 et nutrition<\/strong><\/span><\/li>\n<\/ul>\n<div>\n<p><strong><u>Informations nutritionnelles pour une portion 100 g<\/u><\/strong><\/p>\n<ul>\n<li><a href=\"https:\/\/www.lanutrition.fr\/basilic-frais#proteines\">Prot\u00e9ines<\/a>: 3.15 g<\/li>\n<li><a href=\"https:\/\/www.lanutrition.fr\/basilic-frais#lipides\">Lipides<\/a>: 0.64 g<\/li>\n<li><a href=\"https:\/\/www.lanutrition.fr\/basilic-frais#glucides\">Glucides<\/a>: 2.65 g<\/li>\n<li>Cendres\u00a0: 1.49 g<\/li>\n<li><a href=\"https:\/\/www.lanutrition.fr\/basilic-frais#energie-kcal\">Energie\u00a0:<\/a> 22 kcal<\/li>\n<li>Alcool\u00a0: 0 g<\/li>\n<li>Eau\u00a0: 92.06 g<\/li>\n<li>Fibres\u00a0: 1.6 g<\/li>\n<\/ul>\n<\/div>\n<ul>\n<li><span style=\"color: #339966;\"><strong>Secret de conservation\u00a0<\/strong><\/span><\/li>\n<\/ul>\n<div style=\"text-align: justify;\">Il est pr\u00e9f\u00e9rable le conserver \u00e0 l&rsquo;abri de la lumi\u00e8re, de la chaleur et de l&rsquo;humidit\u00e9, dans un r\u00e9cipient herm\u00e9tique. <\/div>\n","protected":false},"excerpt":{"rendered":"<div style=\"text-align: justify;\">Le basilic Smaoui est l\u2019herbe aromatique par excellence de &#8230; <\/p>\n","protected":false},"featured_media":2236,"template":"","meta":[],"product_cat":[154],"product_tag":[],"class_list":{"0":"post-2235","1":"product","2":"type-product","3":"status-publish","4":"has-post-thumbnail","6":"product_cat-plantes_naturelles","8":"first","9":"instock","10":"shipping-taxable","11":"product-type-simple"},"_links":{"self":[{"href":"https:\/\/epices-smaoui.com\/index.php\/wp-json\/wp\/v2\/product\/2235","targetHints":{"allow":["GET"]}}],"collection":[{"href":"https:\/\/epices-smaoui.com\/index.php\/wp-json\/wp\/v2\/product"}],"about":[{"href":"https:\/\/epices-smaoui.com\/index.php\/wp-json\/wp\/v2\/types\/product"}],"wp:featuredmedia":[{"embeddable":true,"href":"https:\/\/epices-smaoui.com\/index.php\/wp-json\/wp\/v2\/media\/2236"}],"wp:attachment":[{"href":"https:\/\/epices-smaoui.com\/index.php\/wp-json\/wp\/v2\/media?parent=2235"}],"wp:term":[{"taxonomy":"product_cat","embeddable":true,"href":"https:\/\/epices-smaoui.com\/index.php\/wp-json\/wp\/v2\/product_cat?post=2235"},{"taxonomy":"product_tag","embeddable":true,"href":"https:\/\/epices-smaoui.com\/index.php\/wp-json\/wp\/v2\/product_tag?post=2235"}],"curies":[{"name":"wp","href":"https:\/\/api.w.org\/{rel}","templated":true}]}}