{"id":2233,"date":"2024-04-04T08:06:21","date_gmt":"2024-04-04T08:06:21","guid":{"rendered":"https:\/\/epices-smaoui.com\/?post_type=product&#038;p=2233"},"modified":"2024-04-04T08:10:11","modified_gmt":"2024-04-04T08:10:11","slug":"avoine","status":"publish","type":"product","link":"https:\/\/epices-smaoui.com\/index.php\/product\/avoine\/","title":{"rendered":"Avoine<span class=\"codevz-product-category-after-title\">Plantes naturelles<\/span>"},"content":{"rendered":"<p><strong>Dosage :<\/strong> A volont\u00e9, selon votre gout.<\/p>\n<table>\n<tbody>\n<tr>\n<td>Article<\/td>\n<td>Poids par paquet<\/td>\n<td>Paquet\/ fardeau\/ carton<\/td>\n<td>Code \u00e0 barre<\/td>\n<\/tr>\n<tr>\n<td rowspan=\"2\">Avoine<\/td>\n<td>Vrac<\/td>\n<td><\/td>\n<td><\/td>\n<\/tr>\n<tr>\n<td>500 g<\/td>\n<td><\/td>\n<td><\/td>\n<\/tr>\n<\/tbody>\n<\/table>\n<ul>\n<li><span style=\"color: #339966;\"><strong>Astuce du chef <\/strong><\/span><\/li>\n<\/ul>\n<div style=\"text-align: justify;\">Vous pouvez cuisiner l\u2019avoine de mani\u00e8res diff\u00e9rentes et gourmandes aux Cr\u00eapes Pourquoi ne pas remplacer la farine classique dans la p\u00e2te de cr\u00eape par de la farine d\u2019avoine, de m\u00eame De d\u00e9licieux biscuits croustillants d\u2019avoine. aussi Dans la p\u00e2te crumble, l\u2019avoine apporte un agr\u00e9able croquant \u00e0 la cro\u00fbte.<\/div>\n<div style=\"text-align: justify;\">Un smoothie a plus de consistance si vous mixez un peu de flocons d\u2019avoine avec les fruits, et cela neutralise le sentiment de faim!<\/div>\n<div style=\"text-align: justify;\">Un granula de muesli m\u00e9lang\u00e9 au yoghourt, c\u2019est d\u00e9licieux<\/div>\n<ul>\n<li><span style=\"color: #339966;\"><strong>Les atouts sant\u00e9 et nutrition<\/strong><\/span><\/li>\n<\/ul>\n<div style=\"text-align: justify;\">Avoine Smaoui contient des fibres solubles et insolubles qui sont b\u00e9n\u00e9fiques pour le syst\u00e8me digestif. Elle peut faciliter la digestion au quotidien, mais aussi \u00e9viter ou soulager les probl\u00e8mes de constipation.<\/div>\n<div style=\"text-align: justify;\">Des \u00e9tudes ont d\u2019ailleurs montr\u00e9 qu\u2019une consommation r\u00e9guli\u00e8re de flocons d\u2019avoine Smaoui pouvait r\u00e9duire les risques de d\u00e9velopper un cancer du c\u00f4lon.<\/div>\n<div>\n<p><strong><u>Informations nutritionnelles pour une portion 100 g<\/u><\/strong><\/p>\n<ul>\n<li>Prot\u00e9ines\u00a0: 13.3 g<\/li>\n<li>Glucides\u00a0: 57.9 g<\/li>\n<li>Lipides\u00a0: 6.51 g<\/li>\n<li>Eau\u00a0: 10.1 g<\/li>\n<li>Alcool\u00a0:0 g<\/li>\n<\/ul>\n<\/div>\n<ul>\n<li><span style=\"color: #339966;\"><strong>Secret de conservation\u00a0<\/strong><\/span><\/li>\n<\/ul>\n<div style=\"text-align: justify;\">Un paquet d\u2019avoine Smaoui conserve g\u00e9n\u00e9ralement pendant 18 \u00e0 24 mois environ \u00e0 condition qu\u2019ils soient stock\u00e9s dans une temp\u00e9rature ambiante, un endroit frais et sec, dans un r\u00e9cipient herm\u00e9tique. <\/div>\n","protected":false},"excerpt":{"rendered":"<div style=\"text-align: justify;\">Depuis quelques ann\u00e9es, l\u2019avoine est devenue une c\u00e9r\u00e9ale tr\u00e8s &#8230; <\/p>\n","protected":false},"featured_media":2234,"template":"","meta":[],"product_cat":[154],"product_tag":[],"class_list":{"0":"post-2233","1":"product","2":"type-product","3":"status-publish","4":"has-post-thumbnail","6":"product_cat-plantes_naturelles","8":"first","9":"instock","10":"shipping-taxable","11":"product-type-simple"},"_links":{"self":[{"href":"https:\/\/epices-smaoui.com\/index.php\/wp-json\/wp\/v2\/product\/2233","targetHints":{"allow":["GET"]}}],"collection":[{"href":"https:\/\/epices-smaoui.com\/index.php\/wp-json\/wp\/v2\/product"}],"about":[{"href":"https:\/\/epices-smaoui.com\/index.php\/wp-json\/wp\/v2\/types\/product"}],"wp:featuredmedia":[{"embeddable":true,"href":"https:\/\/epices-smaoui.com\/index.php\/wp-json\/wp\/v2\/media\/2234"}],"wp:attachment":[{"href":"https:\/\/epices-smaoui.com\/index.php\/wp-json\/wp\/v2\/media?parent=2233"}],"wp:term":[{"taxonomy":"product_cat","embeddable":true,"href":"https:\/\/epices-smaoui.com\/index.php\/wp-json\/wp\/v2\/product_cat?post=2233"},{"taxonomy":"product_tag","embeddable":true,"href":"https:\/\/epices-smaoui.com\/index.php\/wp-json\/wp\/v2\/product_tag?post=2233"}],"curies":[{"name":"wp","href":"https:\/\/api.w.org\/{rel}","templated":true}]}}