{"id":2228,"date":"2024-04-03T15:43:38","date_gmt":"2024-04-03T15:43:38","guid":{"rendered":"https:\/\/epices-smaoui.com\/?post_type=product&#038;p=2228"},"modified":"2024-04-03T15:46:15","modified_gmt":"2024-04-03T15:46:15","slug":"mais","status":"publish","type":"product","link":"https:\/\/epices-smaoui.com\/index.php\/product\/mais\/","title":{"rendered":"Mais<span class=\"codevz-product-category-after-title\">L\u00e9gumes secs<\/span>"},"content":{"rendered":"<p><strong>Dosage :<\/strong> A volont\u00e9, selon votre gout<\/p>\n<table>\n<tbody>\n<tr>\n<td>Article<\/td>\n<td>Poids par paquet<\/td>\n<td>Paquet\/ fardeau\/ carton<\/td>\n<td>Code \u00e0 barre<\/td>\n<\/tr>\n<tr>\n<td rowspan=\"2\">Ma\u00efs<\/td>\n<td>vrac<\/td>\n<td><\/td>\n<td><\/td>\n<\/tr>\n<tr>\n<td>500 g<\/td>\n<td>20 sachets<\/td>\n<td>6194046901026<\/td>\n<\/tr>\n<\/tbody>\n<\/table>\n<ul>\n<li><span style=\"color: #339966;\"><strong>Id\u00e9e de cuisine <\/strong><\/span><\/li>\n<\/ul>\n<div style=\"text-align: justify;\">On peut le manger cuits en salade, le ma\u00efs Smaoui est ainsi \u00e0 la base de semoule, de f\u00e9cule et de farine, avec lesquelles on peut r\u00e9aliser du pain, des p\u00e2tisseries, des cr\u00eapes, des tortillas&#8230; Les corn-flakes de vos petits d\u00e9jeuners en sont aussi issus. On en tire un amidon qui a fonction de liant et d&rsquo;\u00e9paississant.<\/div>\n<ul>\n<li><span style=\"color: #339966;\"><strong>Les atouts sant\u00e9 et nutrition<\/strong><\/span><\/li>\n<\/ul>\n<div style=\"text-align: justify;\">Source de prot\u00e9ines, de lipides et de fibres, le ma\u00efs Smaoui est un aliment nourrissant et tr\u00e8s digeste.<\/div>\n<div><\/div>\n<div style=\"text-align: justify;\">Antioxydant, le ma\u00efs Smaoui permet de pr\u00e9venir les dommages caus\u00e9s par les radicaux libres sur l\u2019organisme.<\/div>\n<div style=\"text-align: justify;\">Tr\u00e8s riche en potassium, le ma\u00efs Smaoui est diur\u00e9tique et permet d\u2019augmenter consid\u00e9rablement le volume des urines. Il est pr\u00e9cieux en cas de calculs de la vessie, de goutte, de coliques n\u00e9phr\u00e9tiques, de cystites et d\u2019affections inflammatoires aigu\u00ebs ou chroniques de la vessie.<\/div>\n<div>\n<p><strong><u>Informations nutritionnelles pour une portion 100 g<\/u><\/strong><\/p>\n<ul>\n<li>Calories :421KJ\/99,9kcal<\/li>\n<li>Eau\u00a0:74,5g<\/li>\n<li>Prot\u00e9ines\u00a0:3,41g<\/li>\n<li>Lipides :1,5g<\/li>\n<li>Glucides :16,4g<\/li>\n<li>Fibres : 3,56<\/li>\n<li>Magn\u00e9sium :26mg<\/li>\n<li>Phosphore\u00a0:77mg<\/li>\n<li>Potassium :218mg<\/li>\n<li>Mangan\u00e8se :0,2mg<\/li>\n<li>Fer :0,45mg<\/li>\n<li>Cuivre :0,04mg<\/li>\n<li>Zinc : 0,4 mg<\/li>\n<\/ul>\n<\/div>\n<ul>\n<li><span style=\"color: #339966;\"><strong>Secret de conservation\u00a0<\/strong><\/span><\/li>\n<\/ul>\n<div style=\"text-align: justify;\">Conservez le ma\u00efs \u00e0 popcorn Smaoui dans un endroit frais et sec. Apr\u00e8s ouverture du paquet, conservez le dans un r\u00e9cipient en verre ou en plastique herm\u00e9tique.<\/div>\n<div style=\"text-align: justify;\">Ne conservez pas le ma\u00efs \u00e0 popcorn Smaoui au r\u00e9frig\u00e9rateur, car cela peut ass\u00e9cher les grains de ma\u00efs et emp\u00eacher leur \u00e9clatement.<\/div>\n","protected":false},"excerpt":{"rendered":"<div style=\"text-align: justify;\">Lorsque l&rsquo;on parle du ma\u00efs Smaoui, on a plut\u00f4t &#8230; <\/p>\n","protected":false},"featured_media":2229,"template":"","meta":[],"product_cat":[153],"product_tag":[],"class_list":{"0":"post-2228","1":"product","2":"type-product","3":"status-publish","4":"has-post-thumbnail","6":"product_cat-legumes_secs","8":"first","9":"instock","10":"shipping-taxable","11":"product-type-simple"},"_links":{"self":[{"href":"https:\/\/epices-smaoui.com\/index.php\/wp-json\/wp\/v2\/product\/2228","targetHints":{"allow":["GET"]}}],"collection":[{"href":"https:\/\/epices-smaoui.com\/index.php\/wp-json\/wp\/v2\/product"}],"about":[{"href":"https:\/\/epices-smaoui.com\/index.php\/wp-json\/wp\/v2\/types\/product"}],"wp:featuredmedia":[{"embeddable":true,"href":"https:\/\/epices-smaoui.com\/index.php\/wp-json\/wp\/v2\/media\/2229"}],"wp:attachment":[{"href":"https:\/\/epices-smaoui.com\/index.php\/wp-json\/wp\/v2\/media?parent=2228"}],"wp:term":[{"taxonomy":"product_cat","embeddable":true,"href":"https:\/\/epices-smaoui.com\/index.php\/wp-json\/wp\/v2\/product_cat?post=2228"},{"taxonomy":"product_tag","embeddable":true,"href":"https:\/\/epices-smaoui.com\/index.php\/wp-json\/wp\/v2\/product_tag?post=2228"}],"curies":[{"name":"wp","href":"https:\/\/api.w.org\/{rel}","templated":true}]}}