{"id":2220,"date":"2024-04-03T15:24:52","date_gmt":"2024-04-03T15:24:52","guid":{"rendered":"https:\/\/epices-smaoui.com\/?post_type=product&#038;p=2220"},"modified":"2024-04-03T15:27:43","modified_gmt":"2024-04-03T15:27:43","slug":"fevette-decoratique","status":"publish","type":"product","link":"https:\/\/epices-smaoui.com\/index.php\/product\/fevette-decoratique\/","title":{"rendered":"Fevette d\u00e9coratique<span class=\"codevz-product-category-after-title\">L\u00e9gumes secs<\/span>"},"content":{"rendered":"<p><strong>Dosage :<\/strong> A volont\u00e9, selon votre gout<\/p>\n<table>\n<tbody>\n<tr>\n<td>Article<\/td>\n<td>Poids par paquet<\/td>\n<td>Paquet\/ fardeau\/ carton<\/td>\n<td>Code \u00e0 barre<\/td>\n<\/tr>\n<tr>\n<td rowspan=\"2\">F\u00e9vette d\u00e9cortiqu\u00e9<\/td>\n<td>vrac<\/td>\n<td><\/td>\n<td><\/td>\n<\/tr>\n<tr>\n<td>500 g<\/td>\n<td>20 sachets<\/td>\n<td>6194046900302<\/td>\n<\/tr>\n<\/tbody>\n<\/table>\n<ul>\n<li><span style=\"color: #339966;\"><strong>Id\u00e9e de cuisine <\/strong><\/span><\/li>\n<\/ul>\n<div style=\"text-align: justify;\">La f\u00e9vette Smaouiest \u00e0 l\u2019origine destin\u00e9e \u00e0 la cuisine des l\u00e9gumes secs,C\u2019est l\u2019ingr\u00e9dient indispensable du tbikha. Nous vous proposons des recettes avec f\u00e9vette, afin d&rsquo;utiliser au mieux ce l\u00e9gume.<\/div>\n<ul>\n<li><span style=\"color: #339966;\"><strong>Les atouts sant\u00e9 et nutrition<\/strong><\/span><\/li>\n<\/ul>\n<div style=\"text-align: justify;\">La f\u00e9vette Smaoui \u00e0 des propri\u00e9t\u00e9s nutritionnelles remarquables notamment en fibres, en glucides et en protides. Par ailleurs, les f\u00e8ves offrent un bon taux de vitamines B, C et E et de min\u00e9raux essentiels tels que le magn\u00e9sium, le calcium et le potassium.<\/div>\n<div><\/div>\n<div>\n<p><strong><u>Informations nutritionnelles pour une portion 100 g<\/u><\/strong><\/p>\n<ul>\n<li>Prot\u00e9ines\u00a0: 26.1 g<\/li>\n<li>Glucides\u00a0: 33.3 g<\/li>\n<li>Lipides\u00a0: 1.53 g<\/li>\n<li>Eau\u00a0: 11 g<\/li>\n<\/ul>\n<\/div>\n<ul>\n<li><span style=\"color: #339966;\"><strong>Secret de conservation\u00a0<\/strong><\/span><\/li>\n<\/ul>\n<div style=\"text-align: justify;\">On peut utiliser f\u00e9vette Smaoui sur toute l&rsquo;ann\u00e9e. Mais Il est pr\u00e9f\u00e9rable le conserver \u00e0 l&rsquo;abri de la lumi\u00e8re, de la chaleur et de l&rsquo;humidit\u00e9 dans un r\u00e9cipient herm\u00e9tique<\/div>\n","protected":false},"excerpt":{"rendered":"<div style=\"text-align: justify;\">Ces f\u00e8ves cass\u00e9es, ou f\u00e9vettes, sont id\u00e9ales pour la &#8230; <\/p>\n","protected":false},"featured_media":2221,"template":"","meta":[],"product_cat":[153],"product_tag":[],"class_list":{"0":"post-2220","1":"product","2":"type-product","3":"status-publish","4":"has-post-thumbnail","6":"product_cat-legumes_secs","8":"first","9":"instock","10":"shipping-taxable","11":"product-type-simple"},"_links":{"self":[{"href":"https:\/\/epices-smaoui.com\/index.php\/wp-json\/wp\/v2\/product\/2220","targetHints":{"allow":["GET"]}}],"collection":[{"href":"https:\/\/epices-smaoui.com\/index.php\/wp-json\/wp\/v2\/product"}],"about":[{"href":"https:\/\/epices-smaoui.com\/index.php\/wp-json\/wp\/v2\/types\/product"}],"wp:featuredmedia":[{"embeddable":true,"href":"https:\/\/epices-smaoui.com\/index.php\/wp-json\/wp\/v2\/media\/2221"}],"wp:attachment":[{"href":"https:\/\/epices-smaoui.com\/index.php\/wp-json\/wp\/v2\/media?parent=2220"}],"wp:term":[{"taxonomy":"product_cat","embeddable":true,"href":"https:\/\/epices-smaoui.com\/index.php\/wp-json\/wp\/v2\/product_cat?post=2220"},{"taxonomy":"product_tag","embeddable":true,"href":"https:\/\/epices-smaoui.com\/index.php\/wp-json\/wp\/v2\/product_tag?post=2220"}],"curies":[{"name":"wp","href":"https:\/\/api.w.org\/{rel}","templated":true}]}}