{"id":2198,"date":"2024-04-03T13:59:55","date_gmt":"2024-04-03T13:59:55","guid":{"rendered":"https:\/\/epices-smaoui.com\/?post_type=product&#038;p=2198"},"modified":"2024-04-03T14:03:58","modified_gmt":"2024-04-03T14:03:58","slug":"quatre-epices","status":"publish","type":"product","link":"https:\/\/epices-smaoui.com\/index.php\/product\/quatre-epices\/","title":{"rendered":"Quatre epices<span class=\"codevz-product-category-after-title\">Epices en sachet<\/span>"},"content":{"rendered":"<p><strong>Dosage :<\/strong> 1 cuill\u00e8re \u00e0 caf\u00e9 pour 4 personnes<br \/>\n<strong>Ingr\u00e9dients :<\/strong> Coriandre et carvi, Piment doux, Ail, Poivre noir<\/p>\n<table>\n<tbody>\n<tr>\n<td>Article<\/td>\n<td>Poids par paquet<\/td>\n<td>Paquet\/ fardeau\/ carton<\/td>\n<td>Code \u00e0 barre<\/td>\n<\/tr>\n<tr>\n<td rowspan=\"3\">Quatre \u00e9pices <\/td>\n<td>vrac<\/td>\n<td><\/td>\n<td><\/td>\n<\/tr>\n<tr>\n<td>100 g<\/td>\n<td><\/td>\n<td><\/td>\n<\/tr>\n<tr>\n<td>50 g<\/td>\n<td><\/td>\n<td><\/td>\n<\/tr>\n<\/tbody>\n<\/table>\n<ul>\n<li><span style=\"color: #339966;\"><strong>Id\u00e9e d&rsquo;utilisation<\/strong><\/span><\/li>\n<\/ul>\n<div style=\"text-align: justify;\">Le ras-el-hanout S\u2019utilise bien \u00e9videmment pour assaisonner les couscous et tajines mais aussi le riz, les sauces, les viandes blanches ou poissons.<\/div>\n<div style=\"text-align: justify;\">Conseil : Les tajines de poulet ou de poisson ne sauraient se passer d&rsquo;une cuill\u00e8re \u00e0 caf\u00e9 de Ras-el-Hanout Smaoui.<\/div>\n<ul>\n<li><span style=\"color: #339966;\"><strong>Les atouts sant\u00e9 et nutrition<\/strong><\/span><\/li>\n<\/ul>\n<div style=\"text-align: justify;\">Les atouts de ce m\u00e9lange d\u00e9pendent \u00e9videmment du choix des \u00e9pices qui le composent. Nous pouvons dire en revanche que, globalement, manger \u00e9pic\u00e9, repr\u00e9sente une force pour votre syst\u00e8me immunitaire et une bonne fa\u00e7on de rendre vos plats savoureux <\/div>\n<div><\/div>\n<div style=\"text-align: justify;\">Pour connaitre les propri\u00e9t\u00e9s du m\u00e9lange, r\u00e9f\u00e9rez-vous aux propri\u00e9t\u00e9s des condiments qui le composent.<\/div>\n<ul>\n<li><span style=\"color: #339966;\"><strong>Secret de conservation :<\/strong><\/span><\/li>\n<\/ul>\n<div style=\"text-align: justify;\">Ce m\u00e9lange d&rsquo;\u00e9pices Smaoui se conserve, comme la plupart, dans un r\u00e9cipient ferm\u00e9 herm\u00e9tiquement pour prolonger sa dur\u00e9e de vie et la force de ses ar\u00f4mes. <\/div>\n","protected":false},"excerpt":{"rendered":"<div style=\"text-align: justify;\">Quatre \u00e9pices ou on dit Le ras el hanout &#8230; <\/p>\n","protected":false},"featured_media":2199,"template":"","meta":[],"product_cat":[15],"product_tag":[],"class_list":{"0":"post-2198","1":"product","2":"type-product","3":"status-publish","4":"has-post-thumbnail","6":"product_cat-epices_en_sachet","8":"first","9":"instock","10":"shipping-taxable","11":"product-type-simple"},"_links":{"self":[{"href":"https:\/\/epices-smaoui.com\/index.php\/wp-json\/wp\/v2\/product\/2198","targetHints":{"allow":["GET"]}}],"collection":[{"href":"https:\/\/epices-smaoui.com\/index.php\/wp-json\/wp\/v2\/product"}],"about":[{"href":"https:\/\/epices-smaoui.com\/index.php\/wp-json\/wp\/v2\/types\/product"}],"wp:featuredmedia":[{"embeddable":true,"href":"https:\/\/epices-smaoui.com\/index.php\/wp-json\/wp\/v2\/media\/2199"}],"wp:attachment":[{"href":"https:\/\/epices-smaoui.com\/index.php\/wp-json\/wp\/v2\/media?parent=2198"}],"wp:term":[{"taxonomy":"product_cat","embeddable":true,"href":"https:\/\/epices-smaoui.com\/index.php\/wp-json\/wp\/v2\/product_cat?post=2198"},{"taxonomy":"product_tag","embeddable":true,"href":"https:\/\/epices-smaoui.com\/index.php\/wp-json\/wp\/v2\/product_tag?post=2198"}],"curies":[{"name":"wp","href":"https:\/\/api.w.org\/{rel}","templated":true}]}}