{"id":2187,"date":"2024-04-03T13:31:02","date_gmt":"2024-04-03T13:31:02","guid":{"rendered":"https:\/\/epices-smaoui.com\/?post_type=product&#038;p=2187"},"modified":"2024-04-03T13:37:44","modified_gmt":"2024-04-03T13:37:44","slug":"piment-piquant","status":"publish","type":"product","link":"https:\/\/epices-smaoui.com\/index.php\/product\/piment-piquant\/","title":{"rendered":"Piment piquant<span class=\"codevz-product-category-after-title\">Epices en sachet<\/span>"},"content":{"rendered":"<p><strong>Dosage :<\/strong> 1 cuill\u00e8re \u00e0 soupe pour 4 personnes.<\/p>\n<table>\n<tbody>\n<tr>\n<td>Article<\/td>\n<td>Poids par paquet<\/td>\n<td>Paquet\/ fardeau\/ carton<\/td>\n<td>Code \u00e0 barre<\/td>\n<\/tr>\n<tr>\n<td rowspan=\"4\">piment piquant<\/td>\n<td>vrac<\/td>\n<td><\/td>\n<td><\/td>\n<\/tr>\n<tr>\n<td>500 g<\/td>\n<td>20 sachets<\/td>\n<td>6194046900708<\/td>\n<\/tr>\n<tr>\n<td>250 g<\/td>\n<td>5 sachets<\/td>\n<td>6194046900623<\/td>\n<\/tr>\n<tr>\n<td>100 g<\/td>\n<td>10 sachets<\/td>\n<td>6194046900029<\/td>\n<\/tr>\n<\/tbody>\n<\/table>\n<ul>\n<li><span style=\"color: #339966;\"><strong>Id\u00e9e d&rsquo;utilisation<\/strong><\/span><\/li>\n<\/ul>\n<div style=\"text-align: justify;\">Le piment piquant Smaoui parfume et rel\u00e8ve subtilement les huiles d&rsquo;olives, quiches, potages et soupes, les sauces, les garnitures de l\u00e9gumes, les viandes rouges, volailles, poissons et les \u0153ufs\u2026 En fait tous les plats !<\/div>\n<ul>\n<li><span style=\"color: #339966;\"><strong>Les atouts sant\u00e9 et nutrition<\/strong><\/span><\/li>\n<\/ul>\n<div style=\"text-align: justify;\">Le piment piquant Smaoui r\u00e9duit la menace de maladies cardiovasculaires et AVC gr\u00e2ce au potassium qui lui permet de r\u00e9duire la r\u00e9sistance vasculaire et am\u00e9liore la circulation sanguine. Ce qui permet de diminuer la menace d\u2019accidents vasculaires c\u00e9r\u00e9braux et d\u2019arr\u00eats cardiaques.<\/div>\n<div><\/div>\n<div><strong><u>Informations nutritionnelles pour une portion 100 g<\/u><\/strong><\/div>\n<div>\n<ul>\n<li>Prot\u00e9ines : 6.09 g<\/li>\n<li>Lipides : 8.69 g<\/li>\n<li>Glucides : 72.12 g<\/li>\n<li>Cendres : 4.65 g<\/li>\n<li>Energie (kcal) :263 kcal<\/li>\n<li>Alcool :0 g<\/li>\n<li>Eau : 8.46 g<\/li>\n<li>Fibres : 21.6 g<\/li>\n<\/ul>\n<\/div>\n<ul>\n<li><span style=\"color: #339966;\"><strong>Secret de conservation :<\/strong><\/span><\/li>\n<\/ul>\n<div style=\"text-align: justify;\">Il est pr\u00e9f\u00e9rable de conserver le piment piquant \u00e0 l&rsquo;abri de la lumi\u00e8re, de la chaleur et de l&rsquo;humidit\u00e9, dans un r\u00e9cipient herm\u00e9tique.<\/div>\n","protected":false},"excerpt":{"rendered":"<div style=\"text-align: justify;\">Le piment piquant Smaoui est une poudre de couleur &#8230; <\/p>\n","protected":false},"featured_media":2188,"template":"","meta":[],"product_cat":[15],"product_tag":[],"class_list":{"0":"post-2187","1":"product","2":"type-product","3":"status-publish","4":"has-post-thumbnail","6":"product_cat-epices_en_sachet","8":"first","9":"instock","10":"shipping-taxable","11":"product-type-simple"},"_links":{"self":[{"href":"https:\/\/epices-smaoui.com\/index.php\/wp-json\/wp\/v2\/product\/2187","targetHints":{"allow":["GET"]}}],"collection":[{"href":"https:\/\/epices-smaoui.com\/index.php\/wp-json\/wp\/v2\/product"}],"about":[{"href":"https:\/\/epices-smaoui.com\/index.php\/wp-json\/wp\/v2\/types\/product"}],"wp:featuredmedia":[{"embeddable":true,"href":"https:\/\/epices-smaoui.com\/index.php\/wp-json\/wp\/v2\/media\/2188"}],"wp:attachment":[{"href":"https:\/\/epices-smaoui.com\/index.php\/wp-json\/wp\/v2\/media?parent=2187"}],"wp:term":[{"taxonomy":"product_cat","embeddable":true,"href":"https:\/\/epices-smaoui.com\/index.php\/wp-json\/wp\/v2\/product_cat?post=2187"},{"taxonomy":"product_tag","embeddable":true,"href":"https:\/\/epices-smaoui.com\/index.php\/wp-json\/wp\/v2\/product_tag?post=2187"}],"curies":[{"name":"wp","href":"https:\/\/api.w.org\/{rel}","templated":true}]}}