{"id":2184,"date":"2024-04-03T13:17:36","date_gmt":"2024-04-03T13:17:36","guid":{"rendered":"https:\/\/epices-smaoui.com\/?post_type=product&#038;p=2184"},"modified":"2024-04-03T13:23:34","modified_gmt":"2024-04-03T13:23:34","slug":"piment-melange","status":"publish","type":"product","link":"https:\/\/epices-smaoui.com\/index.php\/product\/piment-melange\/","title":{"rendered":"Piment m\u00e9lange<span class=\"codevz-product-category-after-title\">Epices en sachet<\/span>"},"content":{"rendered":"<p><strong>Dosage :<\/strong> A volont\u00e9, selon votre gout <\/p>\n<table>\n<tbody>\n<tr>\n<td>Article<\/td>\n<td>Poids par paquet<\/td>\n<td>Paquet\/ fardeau\/ carton<\/td>\n<td>Code \u00e0 barre<\/td>\n<\/tr>\n<tr>\n<td rowspan=\"3\">Piment m\u00e9lange <\/td>\n<td>vrac<\/td>\n<td><\/td>\n<td><\/td>\n<\/tr>\n<tr>\n<td>500 g<\/td>\n<td>___<\/td>\n<td><\/td>\n<\/tr>\n<tr>\n<td>250 g<\/td>\n<td>56<\/td>\n<td>6194046900692<\/td>\n<\/tr>\n<\/tbody>\n<\/table>\n","protected":false},"excerpt":{"rendered":"<div style=\"text-align: justify;\">Piment m\u00e9lang\u00e9 Smaoui est un piment l\u00e9g\u00e8rement piquant, pr\u00e9par\u00e9 &#8230; <\/p>\n","protected":false},"featured_media":2185,"template":"","meta":[],"product_cat":[15],"product_tag":[],"class_list":{"0":"post-2184","1":"product","2":"type-product","3":"status-publish","4":"has-post-thumbnail","6":"product_cat-epices_en_sachet","8":"first","9":"instock","10":"shipping-taxable","11":"product-type-simple"},"_links":{"self":[{"href":"https:\/\/epices-smaoui.com\/index.php\/wp-json\/wp\/v2\/product\/2184","targetHints":{"allow":["GET"]}}],"collection":[{"href":"https:\/\/epices-smaoui.com\/index.php\/wp-json\/wp\/v2\/product"}],"about":[{"href":"https:\/\/epices-smaoui.com\/index.php\/wp-json\/wp\/v2\/types\/product"}],"wp:featuredmedia":[{"embeddable":true,"href":"https:\/\/epices-smaoui.com\/index.php\/wp-json\/wp\/v2\/media\/2185"}],"wp:attachment":[{"href":"https:\/\/epices-smaoui.com\/index.php\/wp-json\/wp\/v2\/media?parent=2184"}],"wp:term":[{"taxonomy":"product_cat","embeddable":true,"href":"https:\/\/epices-smaoui.com\/index.php\/wp-json\/wp\/v2\/product_cat?post=2184"},{"taxonomy":"product_tag","embeddable":true,"href":"https:\/\/epices-smaoui.com\/index.php\/wp-json\/wp\/v2\/product_tag?post=2184"}],"curies":[{"name":"wp","href":"https:\/\/api.w.org\/{rel}","templated":true}]}}