{"id":2180,"date":"2024-04-03T13:05:44","date_gmt":"2024-04-03T13:05:44","guid":{"rendered":"https:\/\/epices-smaoui.com\/?post_type=product&#038;p=2180"},"modified":"2024-04-03T13:10:55","modified_gmt":"2024-04-03T13:10:55","slug":"piment-doux","status":"publish","type":"product","link":"https:\/\/epices-smaoui.com\/index.php\/product\/piment-doux\/","title":{"rendered":"Piment doux<span class=\"codevz-product-category-after-title\">Epices en sachet<\/span>"},"content":{"rendered":"<p><strong>Dosage :<\/strong> 1 cuill\u00e8re \u00e0 soupe pour 4 personnes.<\/p>\n<table>\n<tbody>\n<tr>\n<td>Article<\/td>\n<td>Poids par paquet<\/td>\n<td>Paquet\/ fardeau\/ carton<\/td>\n<td>Code \u00e0 barre<\/td>\n<\/tr>\n<tr>\n<td rowspan=\"4\">Piment doux<\/td>\n<td>vrac<\/td>\n<td><\/td>\n<td><\/td>\n<\/tr>\n<tr>\n<td>500 g<\/td>\n<td>___<\/td>\n<td>6194046900715<\/td>\n<\/tr>\n<tr>\n<td>250 g<\/td>\n<td>56<\/td>\n<td>6194046900630<\/td>\n<\/tr>\n<tr>\n<td>100 g<\/td>\n<td>32<\/td>\n<td>6194046900043<\/td>\n<\/tr>\n<\/tbody>\n<\/table>\n<p><span style=\"color: #339966;\"><strong>\u25cf Id\u00e9e de cuisine<\/strong><\/span><\/p>\n<div style=\"text-align: justify;\">Le piment doux Smaoui parfume et rel\u00e8ve subtilement les huiles d&rsquo;olives, quiches, potages et soupes, les sauces, les garnitures de l\u00e9gumes, les viandes rouges, volailles, poissons et les \u0153ufs\u2026 En fait tous les plats !<\/div>\n<p><span style=\"color: #339966;\"><strong>\u25cf Les atouts sant\u00e9 et nutrition<\/strong><\/span><\/p>\n<div style=\"text-align: justify;\">Le piment doux Smaoui r\u00e9duit la menace de maladies cardiovasculaires et AVC gr\u00e2ce au potassium qui lui permet de r\u00e9duire la r\u00e9sistance vasculaire et am\u00e9liore la circulation sanguine. Ce qui permet de diminuer la menace d\u2019accidents vasculaires c\u00e9r\u00e9braux et d\u2019arr\u00eats cardiaques.<\/div>\n<p><strong><u>Informations nutritionnelles pour une portion 100 g<\/u><\/strong><\/p>\n<ul>\n<li><a href=\"https:\/\/www.lanutrition.fr\/piment-en-poudre#proteines\">Prot\u00e9ines<\/a>: 6.09 g<\/li>\n<li><a href=\"https:\/\/www.lanutrition.fr\/piment-en-poudre#lipides\">Lipides<\/a>: 8.69 g<\/li>\n<li><a href=\"https:\/\/www.lanutrition.fr\/piment-en-poudre#glucides\">Glucides<\/a>: 72.12 g<\/li>\n<li>Cendres\u00a0: 4.65 g<\/li>\n<li><a href=\"https:\/\/www.lanutrition.fr\/piment-en-poudre#energie-kcal\">Energie (kcal)<\/a>:263 kcal<\/li>\n<li>Alcool\u00a0:0 g<\/li>\n<li>Eau\u00a0: 8.46 g<\/li>\n<li>Fibres\u00a0: 21.6 g<\/li>\n<\/ul>\n<p><span style=\"color: #339966;\"><strong>\u25cf Secret de conservation\u00a0<\/strong><\/span><\/p>\n<div style=\"text-align: justify;\">Il est pr\u00e9f\u00e9rable de conserver le piment doux \u00e0 l&rsquo;abri de la lumi\u00e8re, de la chaleur et de l&rsquo;humidit\u00e9, dans un r\u00e9cipient herm\u00e9tique.<\/div>\n","protected":false},"excerpt":{"rendered":"<div style=\"text-align: justify;\">Le piment doux Smaoui est le fruit d&rsquo;un arbuste. &#8230; <\/p>\n","protected":false},"featured_media":2181,"template":"","meta":[],"product_cat":[15],"product_tag":[],"class_list":{"0":"post-2180","1":"product","2":"type-product","3":"status-publish","4":"has-post-thumbnail","6":"product_cat-epices_en_sachet","8":"first","9":"instock","10":"shipping-taxable","11":"product-type-simple"},"_links":{"self":[{"href":"https:\/\/epices-smaoui.com\/index.php\/wp-json\/wp\/v2\/product\/2180","targetHints":{"allow":["GET"]}}],"collection":[{"href":"https:\/\/epices-smaoui.com\/index.php\/wp-json\/wp\/v2\/product"}],"about":[{"href":"https:\/\/epices-smaoui.com\/index.php\/wp-json\/wp\/v2\/types\/product"}],"wp:featuredmedia":[{"embeddable":true,"href":"https:\/\/epices-smaoui.com\/index.php\/wp-json\/wp\/v2\/media\/2181"}],"wp:attachment":[{"href":"https:\/\/epices-smaoui.com\/index.php\/wp-json\/wp\/v2\/media?parent=2180"}],"wp:term":[{"taxonomy":"product_cat","embeddable":true,"href":"https:\/\/epices-smaoui.com\/index.php\/wp-json\/wp\/v2\/product_cat?post=2180"},{"taxonomy":"product_tag","embeddable":true,"href":"https:\/\/epices-smaoui.com\/index.php\/wp-json\/wp\/v2\/product_tag?post=2180"}],"curies":[{"name":"wp","href":"https:\/\/api.w.org\/{rel}","templated":true}]}}