{"id":2174,"date":"2024-04-03T12:50:01","date_gmt":"2024-04-03T12:50:01","guid":{"rendered":"https:\/\/epices-smaoui.com\/?post_type=product&#038;p=2174"},"modified":"2024-04-03T12:57:31","modified_gmt":"2024-04-03T12:57:31","slug":"curcuma","status":"publish","type":"product","link":"https:\/\/epices-smaoui.com\/index.php\/product\/curcuma\/","title":{"rendered":"Curcuma<span class=\"codevz-product-category-after-title\">Epices en sachet<\/span>"},"content":{"rendered":"<p><strong>Dosage :<\/strong> 1 cuill\u00e8re \u00e0 caf\u00e9 pour 2 personnes est g\u00e9n\u00e9ralement conseill\u00e9e.<\/p>\n<table>\n<tbody>\n<tr>\n<td>Article<\/td>\n<td>Poids par paquet<\/td>\n<td>Paquet\/ fardeau\/ carton<\/td>\n<td>Code \u00e0 barre<\/td>\n<\/tr>\n<tr>\n<td rowspan=\"5\">Curcuma<\/td>\n<td>vrac<\/td>\n<td><\/td>\n<td>6194046900074<\/td>\n<\/tr>\n<tr>\n<td>500 g<\/td>\n<td>20 sachets<\/td>\n<td>6194046900739<\/td>\n<\/tr>\n<tr>\n<td>250 g<\/td>\n<td>5 sachets<\/td>\n<td>6194046900654<\/td>\n<\/tr>\n<tr>\n<td>100 g<\/td>\n<td>10 sachets<\/td>\n<td>6194046900081<\/td>\n<\/tr>\n<tr>\n<td>50 g<\/td>\n<td>20 sachets<\/td>\n<td>6194046900098<\/td>\n<\/tr>\n<\/tbody>\n<\/table>\n<p><span style=\"color: #339966;\"><strong>\u25cf Id\u00e9e de cuisine<\/strong><\/span><\/p>\n<div style=\"text-align: justify;\">En l&rsquo;utilise pour agr\u00e9menter le gout volailles, des poissons et des crustac\u00e9s, il se marie tr\u00e8s bien avec du basilic.<\/div>\n<div style=\"text-align: justify;\">Pour profiter pleinement de ses atouts sant\u00e9, ajoutez quelques graines de poivre noir \u00e0 vos mets.<\/div>\n<div style=\"text-align: justify;\">Pour augmenter l\u2019assimilation de cet \u00e9pice dor\u00e9 par votre organisme, m\u00e9langez la poudre de curcuma \u00e0 de l\u2019huile d\u2019olive avant de l\u2019utiliser en cuisine.<\/div>\n<p><span style=\"color: #339966;\"><strong>\u25cf Les atouts sant\u00e9 et nutrition<\/strong><\/span><\/p>\n<div style=\"text-align: justify;\">Class\u00e9e comme aliment de lutte contre la maladie par de nombreux m\u00e9decins, On le recommande en cas de :<\/div>\n<ul>\n<li>Troubles digestifs\u00a0(maux d\u2019estomac, naus\u00e9es, pertes d\u2019app\u00e9tit, intestin irritable)<\/li>\n<li>Inflammations\u00a0(arthrite, rhumatismes)<\/li>\n<li>Douleurs\u00a0(articulaires ou menstruelles)<\/li>\n<li>Tension art\u00e9rielle<\/li>\n<li>D\u00e9pression, anxi\u00e9t\u00e9, stress<\/li>\n<li>Rhumes<\/li>\n<li>Maladies de peau\u00a0(urticaire, ecz\u00e9ma, acn\u00e9)<\/li>\n<li>Cholest\u00e9rol<\/li>\n<\/ul>\n<div style=\"text-align: justify;\">Le curcuma participerait aussi \u00e0 la pr\u00e9vention du cancer et de la maladie d\u2019Alzheimer.<\/div>\n<p><strong><u>Informations nutritionnelles pour une portion 100<\/u><\/strong><\/p>\n<ul>\n<li>Calories : 422.16 cal<\/li>\n<li>Prot\u00e9ines : 7.83 g<\/li>\n<li>Glucides : 64.93 g<\/li>\n<li>Lipides : 9.88 g<\/li>\n<li>Eau : 11.36 g<\/li>\n<\/ul>\n<p><span style=\"color: #339966;\"><strong>\u25cf Secret de conservation du curcuma<\/strong><\/span><\/p>\n<div style=\"text-align: justify;\">Pr\u00e9f\u00e9rez un endroit sombre et sec pour garder le curcuma Smaoui. Il se conserve dans un r\u00e9cipient herm\u00e9tique.<\/div>\n","protected":false},"excerpt":{"rendered":"<div style=\"text-align: justify;\">Curcuma Smaoui est 100% naturel, sans colorant ni conservateur, &#8230; <\/p>\n","protected":false},"featured_media":2175,"template":"","meta":[],"product_cat":[15],"product_tag":[],"class_list":{"0":"post-2174","1":"product","2":"type-product","3":"status-publish","4":"has-post-thumbnail","6":"product_cat-epices_en_sachet","8":"first","9":"instock","10":"shipping-taxable","11":"product-type-simple"},"_links":{"self":[{"href":"https:\/\/epices-smaoui.com\/index.php\/wp-json\/wp\/v2\/product\/2174","targetHints":{"allow":["GET"]}}],"collection":[{"href":"https:\/\/epices-smaoui.com\/index.php\/wp-json\/wp\/v2\/product"}],"about":[{"href":"https:\/\/epices-smaoui.com\/index.php\/wp-json\/wp\/v2\/types\/product"}],"wp:featuredmedia":[{"embeddable":true,"href":"https:\/\/epices-smaoui.com\/index.php\/wp-json\/wp\/v2\/media\/2175"}],"wp:attachment":[{"href":"https:\/\/epices-smaoui.com\/index.php\/wp-json\/wp\/v2\/media?parent=2174"}],"wp:term":[{"taxonomy":"product_cat","embeddable":true,"href":"https:\/\/epices-smaoui.com\/index.php\/wp-json\/wp\/v2\/product_cat?post=2174"},{"taxonomy":"product_tag","embeddable":true,"href":"https:\/\/epices-smaoui.com\/index.php\/wp-json\/wp\/v2\/product_tag?post=2174"}],"curies":[{"name":"wp","href":"https:\/\/api.w.org\/{rel}","templated":true}]}}