{"id":2167,"date":"2024-04-03T12:23:27","date_gmt":"2024-04-03T12:23:27","guid":{"rendered":"https:\/\/epices-smaoui.com\/?post_type=product&#038;p=2167"},"modified":"2024-04-03T12:28:36","modified_gmt":"2024-04-03T12:28:36","slug":"coriandre-et-carvi-mfaouh","status":"publish","type":"product","link":"https:\/\/epices-smaoui.com\/index.php\/product\/coriandre-et-carvi-mfaouh\/","title":{"rendered":"Coriandre et carvi mfaouh<span class=\"codevz-product-category-after-title\">Epices en sachet<\/span>"},"content":{"rendered":"<p><strong>Dosage :<\/strong> 1 cuill\u00e8re \u00e0 soupe pour 4 personnes<\/p>\n<table>\n<tbody>\n<tr>\n<td>Article<\/td>\n<td>Poids par paquet<\/td>\n<td>Paquet\/ fardeau\/ carton<\/td>\n<td>Code \u00e0 barre<\/td>\n<\/tr>\n<tr>\n<td rowspan=\"2\">Coriandre et carvi parfum\u00e9<\/td>\n<td>500 g<\/td>\n<td><\/td>\n<td>6194046900760<\/td>\n<\/tr>\n<tr>\n<td>250 g<\/td>\n<td><\/td>\n<td>6194046900685<\/td>\n<\/tr>\n<\/tbody>\n<\/table>\n<p><span style=\"color: #339966;\"><strong>\u25cf Id\u00e9e de cuisine<\/strong><\/span><\/p>\n<div style=\"text-align: justify;\">Le coriandre et carvi mfaouh ont une saveur \u00e9pic\u00e9e qui s\u2019associe \u00e0 merveille avec le cumin, le fenouil, molokhiya, salade, mais aussi dans le kadid du b\u0153uf, karkouch, les b\u0153ufs et volailles.Nous vous proposons des recettes avec Coriandre et carvi.<\/div>\n<div style=\"text-align: justify;\">Nous vous proposons la recette avec cor\u00e8te, afin de l\u2019utiliser au mieux<\/div>\n<p><span style=\"color: #339966;\"><strong>\u25cf Les atouts sant\u00e9 et nutrition<\/strong><\/span><\/p>\n<p><strong><u>Informations nutritionnelles pour une portion 100 g<\/u><\/strong><\/p>\n<p><strong><u>Coriandre\u00a0: <\/u><\/strong><\/p>\n<ul>\n<li>Prot\u00e9ines: 2.13 g<\/li>\n<li>Glucides\u00a0: 0.87 g<\/li>\n<li>Lipides: 0.52 g<\/li>\n<li>Eau: 92.2 g<\/li>\n<li>Alcool: 0 g<\/li>\n<\/ul>\n<p><strong><u>Carvi <\/u><\/strong><\/p>\n<ul>\n<li><a href=\"https:\/\/www.lanutrition.fr\/carvi-graines-#proteines\">Prot\u00e9ines<\/a>: 19.77 g<\/li>\n<li><a href=\"https:\/\/www.lanutrition.fr\/carvi-graines-#lipides\">Lipides<\/a>: 14.59 g<\/li>\n<li><a href=\"https:\/\/www.lanutrition.fr\/carvi-graines-#glucides\">Glucides<\/a>: 49.9 g<\/li>\n<li>Cendres\u00a0: 5.87 g<\/li>\n<li><a href=\"https:\/\/www.lanutrition.fr\/carvi-graines-#energie-kcal\">Energie (kcal)<\/a>: 333 kcal<\/li>\n<li>Alcool\u00a0: 0 g<\/li>\n<li>Eau\u00a0: 9.87 g<\/li>\n<li>Fibres\u00a0: 38 g<\/li>\n<\/ul>\n<p><span style=\"color: #339966;\"><strong>\u25cf Secret de conservation <\/strong><\/span><\/p>\n<div style=\"text-align: justify;\">Pour maximiser la dur\u00e9e de conservation de la coriandre et carvi parfum\u00e9 Smaoui, stockez-les dans un endroit frais et sec, dans r\u00e9cipient herm\u00e9tique.<\/div>\n","protected":false},"excerpt":{"rendered":"<div style=\"text-align: justify;\">Coriandre et carvi parfum\u00e9 Smaoui est 100% naturelle, sans &#8230; <\/p>\n","protected":false},"featured_media":2168,"template":"","meta":[],"product_cat":[15],"product_tag":[],"class_list":{"0":"post-2167","1":"product","2":"type-product","3":"status-publish","4":"has-post-thumbnail","6":"product_cat-epices_en_sachet","8":"first","9":"instock","10":"shipping-taxable","11":"product-type-simple"},"_links":{"self":[{"href":"https:\/\/epices-smaoui.com\/index.php\/wp-json\/wp\/v2\/product\/2167","targetHints":{"allow":["GET"]}}],"collection":[{"href":"https:\/\/epices-smaoui.com\/index.php\/wp-json\/wp\/v2\/product"}],"about":[{"href":"https:\/\/epices-smaoui.com\/index.php\/wp-json\/wp\/v2\/types\/product"}],"wp:featuredmedia":[{"embeddable":true,"href":"https:\/\/epices-smaoui.com\/index.php\/wp-json\/wp\/v2\/media\/2168"}],"wp:attachment":[{"href":"https:\/\/epices-smaoui.com\/index.php\/wp-json\/wp\/v2\/media?parent=2167"}],"wp:term":[{"taxonomy":"product_cat","embeddable":true,"href":"https:\/\/epices-smaoui.com\/index.php\/wp-json\/wp\/v2\/product_cat?post=2167"},{"taxonomy":"product_tag","embeddable":true,"href":"https:\/\/epices-smaoui.com\/index.php\/wp-json\/wp\/v2\/product_tag?post=2167"}],"curies":[{"name":"wp","href":"https:\/\/api.w.org\/{rel}","templated":true}]}}