{"id":2159,"date":"2024-04-03T11:30:04","date_gmt":"2024-04-03T11:30:04","guid":{"rendered":"https:\/\/epices-smaoui.com\/?post_type=product&#038;p=2159"},"modified":"2024-04-03T11:38:23","modified_gmt":"2024-04-03T11:38:23","slug":"corete","status":"publish","type":"product","link":"https:\/\/epices-smaoui.com\/index.php\/product\/corete\/","title":{"rendered":"Corete<span class=\"codevz-product-category-after-title\">Epices en sachet<\/span>"},"content":{"rendered":"<p><strong>Dosage :<\/strong> 100g de molokhiya pour 4 personnes<\/p>\n<table>\n<tbody>\n<tr>\n<td>Article<\/td>\n<td>Poids par paquet<\/td>\n<td>Paquet\/ fardeau\/ carton<\/td>\n<td>Code \u00e0 barre<\/td>\n<\/tr>\n<tr>\n<td rowspan=\"3\">Cor\u00e8te<\/td>\n<td>Vrac<\/td>\n<td><\/td>\n<td><\/td>\n<\/tr>\n<tr>\n<td>250 g<\/td>\n<td>___<\/td>\n<td>6194046900647<\/td>\n<\/tr>\n<tr>\n<td>100 g<\/td>\n<td>10 sachets<\/td>\n<td>6194046900067<\/td>\n<\/tr>\n<\/tbody>\n<\/table>\n<p><span style=\"color: #339966;\"><strong>\u25cf Id\u00e9e de cuisine<\/strong><\/span><\/p>\n<div style=\"text-align: justify;\">Cor\u00e8te Smaoui se mariera tr\u00e8s bien avec les viandes. C\u2019est l\u2019ingr\u00e9dient indispensable du molokhiya. la pr\u00e9paration du mloukhiya est assez sensible, pour avoir un bon gout, avant de d\u00e9poser la viande, il faut reverser la poudre de mloukhiya dans l&rsquo;huile en remuant vivement jusqu&rsquo;\u00e0 l&rsquo;obtention d&rsquo;une p\u00e2te sur un feu doux et ajouter progressivement de l&rsquo;eau brouillant en remurant vivement pour \u00e9viter les grumeaux<\/div>\n<div style=\"text-align: justify;\">Nous vous proposons la recette avec cor\u00e8te, afin de l\u2019utiliser au mieux<\/div>\n<p><span style=\"color: #339966;\"><strong>\u25cf Les atouts sant\u00e9 et nutrition<\/strong><\/span><\/p>\n<div style=\"text-align: justify;\">Cette \u00e9pice peu connue est largement utilis\u00e9e pour ses nombreux bienfaits pour la sant\u00e9 connus tels que :<\/div>\n<ul>\n<li>Diminue la pression art\u00e9rielle<\/li>\n<li>Am\u00e9liore la circulation<\/li>\n<li>Aides Digestion<\/li>\n<li>Abaisse le cholest\u00e9rol<\/li>\n<li>Soulage Insomnie<\/li>\n<li>Stimule l&rsquo;immunit\u00e9<\/li>\n<li>Anti-inflammatoire<\/li>\n<li>Anti canc\u00e9rog\u00e8ne<\/li>\n<li>Renforce La sant\u00e9 des os<\/li>\n<li>Croissance Cellulaire<\/li>\n<\/ul>\n<p><strong><u>Informations nutritionnelles pour une portion 100 g<\/u><\/strong><\/p>\n<ul>\n<li><strong>Prot\u00e9ines<\/strong> : 23 g<\/li>\n<li><strong>Glucides<\/strong>: 12,7 g<\/li>\n<li><strong>Amidon<\/strong> : 0,6 g<\/li>\n<li><strong>Energie<\/strong> : 239 kcal<\/li>\n<li><strong>Fibres<\/strong>: 40 g<\/li>\n<li><strong>Eau<\/strong>: 8,4 g<\/li>\n<li><strong>Lipides<\/strong>: 1,8 g<\/li>\n<\/ul>\n<p><span style=\"color: #339966;\"><strong>\u25cf Secret de conservation <\/strong><\/span><\/p>\n<div style=\"text-align: justify;\">On peut utiliser cor\u00e8te Smaoui sur toute l&rsquo;ann\u00e9e. Mais Il est pr\u00e9f\u00e9rable le conserver \u00e0 l&rsquo;abri de la lumi\u00e8re, de la chaleur et de l&rsquo;humidit\u00e9, dans un r\u00e9cipient herm\u00e9tique.<\/div>\n","protected":false},"excerpt":{"rendered":"<div style=\"text-align: justify;\">La cor\u00e8te Smaoui essentiellement utilis\u00e9e pour la r\u00e9alisation de &#8230; <\/p>\n","protected":false},"featured_media":2160,"template":"","meta":[],"product_cat":[15],"product_tag":[],"class_list":{"0":"post-2159","1":"product","2":"type-product","3":"status-publish","4":"has-post-thumbnail","6":"product_cat-epices_en_sachet","8":"first","9":"instock","10":"shipping-taxable","11":"product-type-simple"},"_links":{"self":[{"href":"https:\/\/epices-smaoui.com\/index.php\/wp-json\/wp\/v2\/product\/2159","targetHints":{"allow":["GET"]}}],"collection":[{"href":"https:\/\/epices-smaoui.com\/index.php\/wp-json\/wp\/v2\/product"}],"about":[{"href":"https:\/\/epices-smaoui.com\/index.php\/wp-json\/wp\/v2\/types\/product"}],"wp:featuredmedia":[{"embeddable":true,"href":"https:\/\/epices-smaoui.com\/index.php\/wp-json\/wp\/v2\/media\/2160"}],"wp:attachment":[{"href":"https:\/\/epices-smaoui.com\/index.php\/wp-json\/wp\/v2\/media?parent=2159"}],"wp:term":[{"taxonomy":"product_cat","embeddable":true,"href":"https:\/\/epices-smaoui.com\/index.php\/wp-json\/wp\/v2\/product_cat?post=2159"},{"taxonomy":"product_tag","embeddable":true,"href":"https:\/\/epices-smaoui.com\/index.php\/wp-json\/wp\/v2\/product_tag?post=2159"}],"curies":[{"name":"wp","href":"https:\/\/api.w.org\/{rel}","templated":true}]}}