{"id":2158,"date":"2024-04-03T11:15:36","date_gmt":"2024-04-03T11:15:36","guid":{"rendered":"https:\/\/epices-smaoui.com\/?post_type=product&#038;p=2158"},"modified":"2024-04-03T11:15:36","modified_gmt":"2024-04-03T11:15:36","slug":"chapelure-aux-herbes-fines","status":"publish","type":"product","link":"https:\/\/epices-smaoui.com\/index.php\/product\/chapelure-aux-herbes-fines\/","title":{"rendered":"Chapelure aux herbes fines<span class=\"codevz-product-category-after-title\">CHAPELURE<\/span>"},"content":{"rendered":"<p><strong>Composition :<\/strong> farine de bl\u00e9, poivron, levure, sel, curcuma, l\u2019huile de ma\u00efs et herbes fines.<br \/>\n<strong>Dosage :<\/strong> A volont\u00e9, selon votre gout<\/p>\n<p>&nbsp;<\/p>\n<table>\n<tbody>\n<tr>\n<td>Article<\/td>\n<td>Poids par paquet<\/td>\n<td>Paquet\/ fardeau\/ carton<\/td>\n<td>Code \u00e0 barre<\/td>\n<\/tr>\n<tr>\n<td rowspan=\"2\">Chapelure gout nature<\/td>\n<td>Vrac<\/td>\n<td><\/td>\n<td><\/td>\n<\/tr>\n<tr>\n<td>150 g<\/td>\n<td>20 sachets<\/td>\n<td>6194046901897<\/td>\n<\/tr>\n<\/tbody>\n<\/table>\n<p><span style=\"color: #339966;\"><strong>\u25cf Id\u00e9e de cuisine<\/strong><\/span><\/p>\n<div style=\"text-align: justify;\">Les chapelures aux herbes fines Smaoui utilis\u00e9 \u00e9norm\u00e9ment sur beaucoup de mets, une petite touche qui ne co\u00fbte rien, 5 minutes de temps qui rend tout de suite tout plus gourmand et int\u00e9ressant.<\/div>\n<div style=\"text-align: justify;\">Elle est essentiellement utilis\u00e9e pour donner du go\u00fbt et de la texture \u00e0 la viande, aux fruits de mer, cordon bleu, poissons pan\u00e9s.<\/div>\n<p><span style=\"color: #339966;\"><strong>\u25cf Les atouts sant\u00e9 et nutrition<\/strong><\/span><\/p>\n<p><strong><u>Informations nutritionnelles pour une portion 100 g<\/u><\/strong><\/p>\n<ul>\n<li>Valeur calorique\u00a0: 427\u00a0kcal<\/li>\n<li>Glucides\u00a0: 77,7\u00a0g<\/li>\n<li>Prot\u00e9ine\u00a0: 14,4\u00a0g<\/li>\n<li>Lipides\u00a0: 5,7\u00a0g<\/li>\n<\/ul>\n<p><span style=\"color: #339966;\"><strong>\u25cf Secret de conservation <\/strong><\/span><\/p>\n<div style=\"text-align: justify;\">Pour maximiser la dur\u00e9e de conservation de la chapelure Smaoui, stockez-les dans un endroit frais et sec, dans un r\u00e9cipient herm\u00e9tique.<\/div>\n","protected":false},"excerpt":{"rendered":"<div style=\"text-align: justify;\">\u00c9pices Smaoui vous proposent 2 vari\u00e9t\u00e9s de chapelures de &#8230; <\/p>\n","protected":false},"featured_media":2100,"template":"","meta":[],"product_cat":[151],"product_tag":[],"class_list":{"0":"post-2158","1":"product","2":"type-product","3":"status-publish","4":"has-post-thumbnail","6":"product_cat-chapelure","8":"first","9":"instock","10":"shipping-taxable","11":"product-type-simple"},"_links":{"self":[{"href":"https:\/\/epices-smaoui.com\/index.php\/wp-json\/wp\/v2\/product\/2158","targetHints":{"allow":["GET"]}}],"collection":[{"href":"https:\/\/epices-smaoui.com\/index.php\/wp-json\/wp\/v2\/product"}],"about":[{"href":"https:\/\/epices-smaoui.com\/index.php\/wp-json\/wp\/v2\/types\/product"}],"wp:featuredmedia":[{"embeddable":true,"href":"https:\/\/epices-smaoui.com\/index.php\/wp-json\/wp\/v2\/media\/2100"}],"wp:attachment":[{"href":"https:\/\/epices-smaoui.com\/index.php\/wp-json\/wp\/v2\/media?parent=2158"}],"wp:term":[{"taxonomy":"product_cat","embeddable":true,"href":"https:\/\/epices-smaoui.com\/index.php\/wp-json\/wp\/v2\/product_cat?post=2158"},{"taxonomy":"product_tag","embeddable":true,"href":"https:\/\/epices-smaoui.com\/index.php\/wp-json\/wp\/v2\/product_tag?post=2158"}],"curies":[{"name":"wp","href":"https:\/\/api.w.org\/{rel}","templated":true}]}}