{"id":2101,"date":"2024-04-03T00:31:27","date_gmt":"2024-04-03T00:31:27","guid":{"rendered":"https:\/\/epices-smaoui.com\/?post_type=product&#038;p=2101"},"modified":"2024-04-03T00:31:27","modified_gmt":"2024-04-03T00:31:27","slug":"chapelure-gout-nature","status":"publish","type":"product","link":"https:\/\/epices-smaoui.com\/index.php\/product\/chapelure-gout-nature\/","title":{"rendered":"Chapelure gout nature<span class=\"codevz-product-category-after-title\">CHAPELURE<\/span>"},"content":{"rendered":"<p><strong>Composition\u00a0:<\/strong> farine de bl\u00e9, poivron, levure, sel, curcuma, l\u2019huile de mais<\/p>\n<table>\n<tbody>\n<tr>\n<td>Article<\/td>\n<td>Poids par paquet<\/td>\n<td>Paquet\/ fardeau\/ carton<\/td>\n<td>Code \u00e0 barre<\/td>\n<\/tr>\n<tr>\n<td rowspan=\"2\">Chapelure gout nature<\/td>\n<td>Vrac<\/td>\n<td><\/td>\n<td><\/td>\n<\/tr>\n<tr>\n<td>150 g<\/td>\n<td>20 sachets<\/td>\n<td>6194046901897<\/td>\n<\/tr>\n<\/tbody>\n<\/table>\n<ul>\n<li><span style=\"color: #339966;\"><strong>Id\u00e9e de cuisine<\/strong><\/span><\/li>\n<\/ul>\n<p style=\"text-align: jsutify;\">Les chapelures\u00a0aux herbes fines Smaoui utilis\u00e9 \u00e9norm\u00e9ment sur beaucoup de mets, une petite touche qui ne co\u00fbte rien, 5 minutes de temps qui rend tout de suite tout plus gourmand et int\u00e9ressant.<\/p>\n<p style=\"text-align: justify;\">Elle est essentiellement utilis\u00e9e pour donner du go\u00fbt et de la texture \u00e0 la viande, aux fruits de mer, cordon bleu, poissons pan\u00e9s.<\/p>\n<ul>\n<li><span style=\"color: #339966;\"><strong>Les atouts sant\u00e9 et nutrition<\/strong><\/span><\/li>\n<\/ul>\n<p><strong><u>Informations nutritionnelles pour une portion 100 g<\/u><\/strong><\/p>\n<ul>\n<li>Valeur calorique\u00a0: 427\u00a0kcal<\/li>\n<li>Glucides\u00a0: 77,7\u00a0g<\/li>\n<li>Prot\u00e9ine\u00a0: 14,4\u00a0g<\/li>\n<li>Lipides\u00a0: 5,7\u00a0g<\/li>\n<\/ul>\n<ul>\n<li><span style=\"color: #339966;\"><strong>Secret de conservation<\/strong><\/span><\/li>\n<\/ul>\n<p style=\"text-align: justify;\">Pour maximiser la dur\u00e9e de conservation de la chapelure Smaoui, stockez-les dans un endroit frais et sec, dans un r\u00e9cipient herm\u00e9tique.<\/p>\n","protected":false},"excerpt":{"rendered":"<div style=\"text-align:justify\">\n\u00c9pices Smaoui vous proposent 2 vari\u00e9t\u00e9s de chapelures de p\u00e9tales &#8230; <\/p>\n","protected":false},"featured_media":2102,"template":"","meta":[],"product_cat":[151],"product_tag":[],"class_list":{"0":"post-2101","1":"product","2":"type-product","3":"status-publish","4":"has-post-thumbnail","6":"product_cat-chapelure","8":"first","9":"instock","10":"shipping-taxable","11":"product-type-simple"},"_links":{"self":[{"href":"https:\/\/epices-smaoui.com\/index.php\/wp-json\/wp\/v2\/product\/2101","targetHints":{"allow":["GET"]}}],"collection":[{"href":"https:\/\/epices-smaoui.com\/index.php\/wp-json\/wp\/v2\/product"}],"about":[{"href":"https:\/\/epices-smaoui.com\/index.php\/wp-json\/wp\/v2\/types\/product"}],"wp:featuredmedia":[{"embeddable":true,"href":"https:\/\/epices-smaoui.com\/index.php\/wp-json\/wp\/v2\/media\/2102"}],"wp:attachment":[{"href":"https:\/\/epices-smaoui.com\/index.php\/wp-json\/wp\/v2\/media?parent=2101"}],"wp:term":[{"taxonomy":"product_cat","embeddable":true,"href":"https:\/\/epices-smaoui.com\/index.php\/wp-json\/wp\/v2\/product_cat?post=2101"},{"taxonomy":"product_tag","embeddable":true,"href":"https:\/\/epices-smaoui.com\/index.php\/wp-json\/wp\/v2\/product_tag?post=2101"}],"curies":[{"name":"wp","href":"https:\/\/api.w.org\/{rel}","templated":true}]}}